{"id":6662,"date":"2025-03-13T13:30:02","date_gmt":"2025-03-13T17:30:02","guid":{"rendered":"https:\/\/inclusionincanadiansports.ca\/devenez-notre-partenaire\/"},"modified":"2026-04-07T20:53:31","modified_gmt":"2026-04-08T00:53:31","slug":"devenez-notre-partenaire","status":"publish","type":"page","link":"https:\/\/inclusionincanadiansports.ca\/fr\/devenez-notre-partenaire\/","title":{"rendered":"Devenez notre partenaire"},"content":{"rendered":"\t\t<div data-elementor-type=\"wp-page\" data-elementor-id=\"6662\" class=\"elementor elementor-6662 elementor-6453\" data-elementor-post-type=\"page\">\n\t\t\t\t<div class=\"elementor-element elementor-element-288d2a9a e-flex e-con-boxed e-con e-parent\" data-id=\"288d2a9a\" data-element_type=\"container\" data-e-type=\"container\" data-settings=\"{&quot;jet_parallax_layout_list&quot;:[],&quot;background_background&quot;:&quot;classic&quot;}\">\n\t\t\t\t\t<div class=\"e-con-inner\">\n\t\t<div class=\"elementor-element elementor-element-5bfe86c8 e-con-full e-flex e-con e-child\" data-id=\"5bfe86c8\" data-element_type=\"container\" data-e-type=\"container\" data-settings=\"{&quot;jet_parallax_layout_list&quot;:[]}\">\n\t\t<div class=\"elementor-element elementor-element-68b168fe e-con-full e-flex e-con e-child\" data-id=\"68b168fe\" data-element_type=\"container\" data-e-type=\"container\" data-settings=\"{&quot;jet_parallax_layout_list&quot;:[]}\">\n\t\t\t\t<div class=\"elementor-element elementor-element-199c9828 elementor-mobile-align-center elementor-align-left elementor-widget elementor-widget-raven-heading\" data-id=\"199c9828\" data-element_type=\"widget\" data-e-type=\"widget\" data-widget_type=\"raven-heading.default\">\n\t\t\t\t<div class=\"elementor-widget-container\">\n\t\t\t\t\t\t\t<div class=\"raven-widget-wrapper\"><h2 class=\"raven-heading raven-heading-h2\"><span class=\"raven-heading-title \">Rejoignez le mouvement.<\/span><\/h2><\/div>\n\t\t\t\t\t\t<\/div>\n\t\t\t\t<\/div>\n\t\t\t\t<div class=\"elementor-element elementor-element-2aab1539 elementor-mobile-align-center elementor-align-left elementor-widget elementor-widget-raven-heading\" data-id=\"2aab1539\" data-element_type=\"widget\" data-e-type=\"widget\" data-widget_type=\"raven-heading.default\">\n\t\t\t\t<div class=\"elementor-widget-container\">\n\t\t\t\t\t\t\t<div class=\"raven-widget-wrapper\"><h3 class=\"raven-heading raven-heading-h3\"><span class=\"raven-heading-title \">Fa\u00e7onner l'avenir du sport canadien.<\/span><\/h3><\/div>\n\t\t\t\t\t\t<\/div>\n\t\t\t\t<\/div>\n\t\t\t\t<\/div>\n\t\t<div class=\"elementor-element elementor-element-7387b0ae e-con-full e-flex e-con e-child\" data-id=\"7387b0ae\" data-element_type=\"container\" data-e-type=\"container\" data-settings=\"{&quot;jet_parallax_layout_list&quot;:[]}\">\n\t\t\t\t<div class=\"elementor-element elementor-element-5b2435e elementor-mobile-align-center elementor-align-left elementor-widget elementor-widget-raven-heading\" data-id=\"5b2435e\" data-element_type=\"widget\" data-e-type=\"widget\" data-widget_type=\"raven-heading.default\">\n\t\t\t\t<div class=\"elementor-widget-container\">\n\t\t\t\t\t\t\t<div class=\"raven-widget-wrapper\"><p class=\"raven-heading raven-heading-p\"><span class=\"raven-heading-title \">\u00c0 IRSC, nous nous engageons \u00e0 b\u00e2tir une communaut\u00e9 sportive plus inclusive, diversifi\u00e9e et \u00e9quitable. Votre organisation souhaite-t-elle nous soutenir, collaborer avec nous ou devenir notre partenaire ? Voyons comment nous pouvons produire un impact r\u00e9el \u2013 ensemble.  <\/span><\/p><\/div>\n\t\t\t\t\t\t<\/div>\n\t\t\t\t<\/div>\n\t\t\t\t<div class=\"elementor-element elementor-element-ad57e78 elementor-widget elementor-widget-text-editor\" data-id=\"ad57e78\" data-element_type=\"widget\" data-e-type=\"widget\" data-widget_type=\"text-editor.default\">\n\t\t\t\t<div class=\"elementor-widget-container\">\n\t\t\t\t\t\t\t\t\t<p>NOUS SOMMES #PLUSFORTENSEMBLE<\/p>\t\t\t\t\t\t\t\t<\/div>\n\t\t\t\t<\/div>\n\t\t\t\t<\/div>\n\t\t\t\t<\/div>\n\t\t\t\t\t<\/div>\n\t\t\t\t<\/div>\n\t\t<div class=\"elementor-element elementor-element-c31ef6f e-flex e-con-boxed e-con e-parent\" data-id=\"c31ef6f\" data-element_type=\"container\" data-e-type=\"container\" data-settings=\"{&quot;jet_parallax_layout_list&quot;:[]}\">\n\t\t\t\t\t<div class=\"e-con-inner\">\n\t\t<div class=\"elementor-element elementor-element-243cb1a e-con-full e-flex e-con e-child\" data-id=\"243cb1a\" data-element_type=\"container\" data-e-type=\"container\" data-settings=\"{&quot;jet_parallax_layout_list&quot;:[]}\">\n\t\t\t\t<div class=\"elementor-element elementor-element-5f42807 elementor-widget elementor-widget-heading\" data-id=\"5f42807\" data-element_type=\"widget\" data-e-type=\"widget\" data-widget_type=\"heading.default\">\n\t\t\t\t<div class=\"elementor-widget-container\">\n\t\t\t\t\t<h2 class=\"elementor-heading-title elementor-size-default\">Pourquoi devenir partenaire d'IRSC\u2009?<\/h2>\t\t\t\t<\/div>\n\t\t\t\t<\/div>\n\t\t\t\t<\/div>\n\t\t<div class=\"elementor-element elementor-element-3c791f7 e-con-full e-flex e-con e-child\" data-id=\"3c791f7\" data-element_type=\"container\" data-e-type=\"container\" data-settings=\"{&quot;background_background&quot;:&quot;classic&quot;,&quot;jet_parallax_layout_list&quot;:[]}\">\n\t\t\t\t<div class=\"elementor-element elementor-element-c0af984 elementor-widget elementor-widget-heading\" data-id=\"c0af984\" data-element_type=\"widget\" data-e-type=\"widget\" data-widget_type=\"heading.default\">\n\t\t\t\t<div class=\"elementor-widget-container\">\n\t\t\t\t\t<h2 class=\"elementor-heading-title elementor-size-default\">Soutenir les athl\u00e8tes, les entraineurs, les professionnels de la m\u00e9decine du sport et les leaders PANDC.<\/h2>\t\t\t\t<\/div>\n\t\t\t\t<\/div>\n\t\t\t\t<\/div>\n\t\t<div class=\"elementor-element elementor-element-97fbd05 e-con-full e-flex e-con e-child\" data-id=\"97fbd05\" data-element_type=\"container\" data-e-type=\"container\" data-settings=\"{&quot;background_background&quot;:&quot;classic&quot;,&quot;jet_parallax_layout_list&quot;:[]}\">\n\t\t\t\t<div class=\"elementor-element elementor-element-28745b5 elementor-widget elementor-widget-heading\" data-id=\"28745b5\" data-element_type=\"widget\" data-e-type=\"widget\" data-widget_type=\"heading.default\">\n\t\t\t\t<div class=\"elementor-widget-container\">\n\t\t\t\t\t<h2 class=\"elementor-heading-title elementor-size-default\">Favoriser un v\u00e9ritable changement dans le sport amateur canadien<\/h2>\t\t\t\t<\/div>\n\t\t\t\t<\/div>\n\t\t\t\t<\/div>\n\t\t<div class=\"elementor-element elementor-element-8d76fb2 e-con-full e-flex e-con e-child\" data-id=\"8d76fb2\" data-element_type=\"container\" data-e-type=\"container\" data-settings=\"{&quot;background_background&quot;:&quot;classic&quot;,&quot;jet_parallax_layout_list&quot;:[]}\">\n\t\t\t\t<div class=\"elementor-element elementor-element-d0043ed elementor-widget elementor-widget-heading\" data-id=\"d0043ed\" data-element_type=\"widget\" data-e-type=\"widget\" data-widget_type=\"heading.default\">\n\t\t\t\t<div class=\"elementor-widget-container\">\n\t\t\t\t\t<h2 class=\"elementor-heading-title elementor-size-default\">Aligner votre marque avec les initiatives d'\u00e9quit\u00e9, de diversit\u00e9 et d'inclusion<\/h2>\t\t\t\t<\/div>\n\t\t\t\t<\/div>\n\t\t\t\t<\/div>\n\t\t\t\t\t<\/div>\n\t\t\t\t<\/div>\n\t\t<div class=\"elementor-element elementor-element-b608480 e-flex e-con-boxed e-con e-parent\" data-id=\"b608480\" data-element_type=\"container\" data-e-type=\"container\" data-settings=\"{&quot;jet_parallax_layout_list&quot;:[],&quot;background_background&quot;:&quot;classic&quot;}\">\n\t\t\t\t\t<div class=\"e-con-inner\">\n\t\t\t\t<div class=\"elementor-element elementor-element-2c88627 elementor-align-center elementor-widget elementor-widget-raven-heading\" data-id=\"2c88627\" data-element_type=\"widget\" data-e-type=\"widget\" data-widget_type=\"raven-heading.default\">\n\t\t\t\t<div class=\"elementor-widget-container\">\n\t\t\t\t\t\t\t<div class=\"raven-widget-wrapper\"><h3 class=\"raven-heading raven-heading-h3\"><span class=\"raven-heading-title \">Vous \u00eates int\u00e9ress\u00e9\u2009? Discutons-en\u2009! <br>Saisissez vos informations ci-dessous et nous vous contacterons.<\/span><\/h3><\/div>\n\t\t\t\t\t\t<\/div>\n\t\t\t\t<\/div>\n\t\t\t\t<div class=\"elementor-element elementor-element-1d669f5 elementor-align-left elementor-mobile-align-center elementor-widget elementor-widget-raven-button\" data-id=\"1d669f5\" data-element_type=\"widget\" data-e-type=\"widget\" data-settings=\"{&quot;turn_to_popup_action_button&quot;:&quot;no&quot;}\" data-widget_type=\"raven-button.default\">\n\t\t\t\t<div class=\"elementor-widget-container\">\n\t\t\t\t\t\t\t<div class=\"raven-widget-wrapper\">\n\t\t\t<a class=\"raven-button raven-button-widget-normal-effect-none  raven-button-text-align-center raven-button-link elementor-animation-none\" href=\"mailto:programs@inclusionincanadiansports.ca?cc=president@inclusionincanadiansports.ca\">\t\t\t\t<div class=\"raven-button-overlay\" ><\/div>\n\t\t\t\t<span class=\"raven-button-content\">\n\t\t\t\t\t\n\t\t\t\t\t<div class=\"button-text-container\">\n\t\t\t\t\t\t\t\t\t\t\t\t<div class=\"raven-button-texts-wrapper\">\n\t\t\t\t\t\t\t<div class=\"button-text\">\n\t\t\t\t\t\t\t\t<span class=\"raven-button-text\">\n\t\t\t\t\t\t\t\t\tPour toute question, veuillez nous contacter en cliquant ici.\t\t\t\t\t\t\t\t<\/span>\n\t\t\t\t\t\t\t<\/div>\n\t\t\t\t\t\t\t\t\t\t\t\t\t<\/div>\n\t\t\t\t\t\t\t\t\t\t\t<\/div>\n\t\t\t\t\t\n\t\t\t\t\t\t\t\t\t<\/span>\n\t\t\t<\/a>\t\t<\/div>\n\t\t\t\t\t\t<\/div>\n\t\t\t\t<\/div>\n\t\t\t\t<div class=\"elementor-element elementor-element-4368acc elementor-widget elementor-widget-text-editor\" data-id=\"4368acc\" data-element_type=\"widget\" data-e-type=\"widget\" data-widget_type=\"text-editor.default\">\n\t\t\t\t<div class=\"elementor-widget-container\">\n\t\t\t\t\t\t\t\t\t<p>Bien que nous soyons reconnaissants de chaque demande, le fait de remplir un formulaire d&rsquo;int\u00e9r\u00eat ne garantit pas un partenariat avec IRSC. Notre \u00e9quipe \u00e9value attentivement chaque proposition en fonction de son ad\u00e9quation avec notre mission et nos objectifs.<\/p>\t\t\t\t\t\t\t\t<\/div>\n\t\t\t\t<\/div>\n\t\t\t\t<div class=\"elementor-element elementor-element-383ef54 raven-form-button-align-spaced elementor-widget elementor-widget-raven-form\" data-id=\"383ef54\" data-element_type=\"widget\" data-e-type=\"widget\" data-settings=\"{&quot;fields&quot;:[{&quot;label&quot;:&quot;Nom du contact principal&quot;,&quot;field_custom_id&quot;:&quot;name&quot;,&quot;placeholder&quot;:&quot;Nom du contact principal&quot;,&quot;acceptance_text&quot;:null,&quot;required&quot;:&quot;true&quot;,&quot;step_previous_button&quot;:null,&quot;step_next_button&quot;:null,&quot;width&quot;:&quot;33&quot;,&quot;_id&quot;:&quot;99e41b2&quot;,&quot;type&quot;:&quot;text&quot;,&quot;recaptcha_badge&quot;:null,&quot;recaptcha_theme&quot;:null,&quot;recaptcha_size&quot;:null,&quot;checked_by_default&quot;:null,&quot;min_time&quot;:null,&quot;max_time&quot;:null,&quot;min_date&quot;:null,&quot;max_date&quot;:null,&quot;localization&quot;:null,&quot;min&quot;:null,&quot;max&quot;:null,&quot;field_options&quot;:null,&quot;inline_list&quot;:null,&quot;field_html&quot;:null,&quot;native_html5&quot;:null,&quot;multiple_selection&quot;:null,&quot;rows&quot;:null,&quot;iti_tel&quot;:null,&quot;iti_tel_tel_type&quot;:null,&quot;iti_tel_require_area&quot;:null,&quot;iti_tel_allow_dropdown&quot;:null,&quot;iti_tel_country_include&quot;:null,&quot;iti_tel_ip_detect&quot;:null,&quot;iti_tel_internationalize&quot;:null,&quot;file_sizes&quot;:null,&quot;file_types&quot;:null,&quot;allow_multiple_upload&quot;:null,&quot;max_files&quot;:null,&quot;step_icon&quot;:null,&quot;field_value&quot;:&quot;&quot;},{&quot;label&quot;:&quot;Courriel&quot;,&quot;field_custom_id&quot;:&quot;email&quot;,&quot;type&quot;:&quot;email&quot;,&quot;placeholder&quot;:&quot;Courriel&quot;,&quot;required&quot;:&quot;true&quot;,&quot;_id&quot;:&quot;d5a1a93&quot;,&quot;acceptance_text&quot;:null,&quot;step_previous_button&quot;:null,&quot;step_next_button&quot;:null,&quot;width&quot;:&quot;33&quot;,&quot;recaptcha_badge&quot;:null,&quot;recaptcha_theme&quot;:null,&quot;recaptcha_size&quot;:null,&quot;checked_by_default&quot;:null,&quot;min_time&quot;:null,&quot;max_time&quot;:null,&quot;min_date&quot;:null,&quot;max_date&quot;:null,&quot;localization&quot;:null,&quot;min&quot;:null,&quot;max&quot;:null,&quot;field_options&quot;:null,&quot;inline_list&quot;:null,&quot;field_html&quot;:null,&quot;native_html5&quot;:null,&quot;multiple_selection&quot;:null,&quot;rows&quot;:null,&quot;iti_tel&quot;:null,&quot;iti_tel_tel_type&quot;:null,&quot;iti_tel_require_area&quot;:null,&quot;iti_tel_allow_dropdown&quot;:null,&quot;iti_tel_country_include&quot;:null,&quot;iti_tel_ip_detect&quot;:null,&quot;iti_tel_internationalize&quot;:null,&quot;file_sizes&quot;:null,&quot;file_types&quot;:null,&quot;allow_multiple_upload&quot;:null,&quot;max_files&quot;:null,&quot;step_icon&quot;:null,&quot;field_value&quot;:&quot;&quot;},{&quot;_id&quot;:&quot;cc11b67&quot;,&quot;label&quot;:&quot;Num\\u00e9ro de t\\u00e9l\\u00e9phone :&quot;,&quot;placeholder&quot;:&quot;Num\\u00e9ro de t\\u00e9l\\u00e9phone :&quot;,&quot;acceptance_text&quot;:null,&quot;required&quot;:&quot;true&quot;,&quot;step_previous_button&quot;:null,&quot;step_next_button&quot;:null,&quot;width&quot;:&quot;33&quot;,&quot;type&quot;:&quot;text&quot;,&quot;recaptcha_badge&quot;:null,&quot;recaptcha_theme&quot;:null,&quot;recaptcha_size&quot;:null,&quot;checked_by_default&quot;:null,&quot;min_time&quot;:null,&quot;max_time&quot;:null,&quot;min_date&quot;:null,&quot;max_date&quot;:null,&quot;localization&quot;:null,&quot;min&quot;:null,&quot;max&quot;:null,&quot;field_options&quot;:null,&quot;inline_list&quot;:null,&quot;field_html&quot;:null,&quot;native_html5&quot;:null,&quot;multiple_selection&quot;:null,&quot;rows&quot;:null,&quot;iti_tel&quot;:null,&quot;iti_tel_tel_type&quot;:null,&quot;iti_tel_require_area&quot;:null,&quot;iti_tel_allow_dropdown&quot;:null,&quot;iti_tel_country_include&quot;:null,&quot;iti_tel_ip_detect&quot;:null,&quot;iti_tel_internationalize&quot;:null,&quot;file_sizes&quot;:null,&quot;file_types&quot;:null,&quot;allow_multiple_upload&quot;:null,&quot;max_files&quot;:null,&quot;step_icon&quot;:null,&quot;field_value&quot;:&quot;&quot;,&quot;field_custom_id&quot;:&quot;&quot;},{&quot;_id&quot;:&quot;8adeceb&quot;,&quot;type&quot;:&quot;checkbox&quot;,&quot;label&quot;:&quot;Quel type de partenariat vous int\\u00e9resse\\u2009? (Cocher tout ce qui s&#039;applique) &quot;,&quot;acceptance_text&quot;:null,&quot;field_options&quot;:&quot;Event Sponsorship\\nProgram Sponsorship\\nGeneral Funding Support\\nGrant\\\/Donation Partnership\\nIn-Kind Support (e.g., products, services, venues, media)\\nOther (please specify below)&quot;,&quot;step_previous_button&quot;:null,&quot;step_next_button&quot;:null,&quot;width&quot;:&quot;66&quot;,&quot;required&quot;:&quot;true&quot;,&quot;placeholder&quot;:null,&quot;recaptcha_badge&quot;:null,&quot;recaptcha_theme&quot;:null,&quot;recaptcha_size&quot;:null,&quot;checked_by_default&quot;:null,&quot;min_time&quot;:null,&quot;max_time&quot;:null,&quot;min_date&quot;:null,&quot;max_date&quot;:null,&quot;localization&quot;:null,&quot;min&quot;:null,&quot;max&quot;:null,&quot;inline_list&quot;:&quot;&quot;,&quot;field_html&quot;:null,&quot;native_html5&quot;:null,&quot;multiple_selection&quot;:null,&quot;rows&quot;:null,&quot;iti_tel&quot;:null,&quot;iti_tel_tel_type&quot;:null,&quot;iti_tel_require_area&quot;:null,&quot;iti_tel_allow_dropdown&quot;:null,&quot;iti_tel_country_include&quot;:null,&quot;iti_tel_ip_detect&quot;:null,&quot;iti_tel_internationalize&quot;:null,&quot;file_sizes&quot;:null,&quot;file_types&quot;:null,&quot;allow_multiple_upload&quot;:null,&quot;max_files&quot;:null,&quot;step_icon&quot;:null,&quot;field_value&quot;:null,&quot;field_custom_id&quot;:&quot;&quot;},{&quot;_id&quot;:&quot;90238d8&quot;,&quot;type&quot;:&quot;acceptance&quot;,&quot;acceptance_text&quot;:&quot;I understand that Submitting this form does not guarantee a partnership. All submissions will be reviewed, and we will reach out if there is an opportunity to collaborate.&quot;,&quot;step_previous_button&quot;:null,&quot;step_next_button&quot;:null,&quot;required&quot;:&quot;true&quot;,&quot;label&quot;:&quot;&quot;,&quot;placeholder&quot;:null,&quot;recaptcha_badge&quot;:null,&quot;recaptcha_theme&quot;:null,&quot;recaptcha_size&quot;:null,&quot;checked_by_default&quot;:&quot;&quot;,&quot;min_time&quot;:null,&quot;max_time&quot;:null,&quot;min_date&quot;:null,&quot;max_date&quot;:null,&quot;localization&quot;:null,&quot;min&quot;:null,&quot;max&quot;:null,&quot;field_options&quot;:null,&quot;inline_list&quot;:null,&quot;field_html&quot;:null,&quot;native_html5&quot;:null,&quot;multiple_selection&quot;:null,&quot;rows&quot;:null,&quot;iti_tel&quot;:null,&quot;iti_tel_tel_type&quot;:null,&quot;iti_tel_require_area&quot;:null,&quot;iti_tel_allow_dropdown&quot;:null,&quot;iti_tel_country_include&quot;:null,&quot;iti_tel_ip_detect&quot;:null,&quot;iti_tel_internationalize&quot;:null,&quot;file_sizes&quot;:null,&quot;file_types&quot;:null,&quot;allow_multiple_upload&quot;:null,&quot;max_files&quot;:null,&quot;step_icon&quot;:null,&quot;width&quot;:&quot;100&quot;,&quot;field_value&quot;:null,&quot;field_custom_id&quot;:&quot;&quot;}],&quot;steps_type&quot;:&quot;number&quot;,&quot;steps_icon_shape&quot;:&quot;circle&quot;}\" data-widget_type=\"raven-form.default\">\n\t\t\t\t<div class=\"elementor-widget-container\">\n\t\t\t\t\t\t\t<form class=\"raven-form raven-flex raven-flex-wrap raven-flex-bottom\" method=\"post\" name=\"ICSN - Devenez notre partenaire\">\n\t\t\t<input type=\"hidden\" name=\"post_id\" value=\"6662\" \/>\n\t\t\t<input type=\"hidden\" name=\"form_id\" value=\"383ef54\" \/>\n\t\t\t\t\t<div id=\"raven-field-group-99e41b2\" class=\"raven-flex-wrap raven-field-type-text raven-field-group elementor-column elementor-col-33 raven-field-required\">\n\t\t\t\t\t<label\n\t\t\tfor=\"form-field-99e41b2\"\n\t\t\tclass=\"raven-field-label\">\n\t\t\tNom du contact principal\t\t\t\t\t\t\t<span class=\"required-mark-label\"><\/span>\n\t\t\t\t\t\t<\/label>\n\t\t\t\t<input\n\t\t\toninput=\"onInvalidRavenFormField(event)\"\n\t\t\toninvalid=\"onInvalidRavenFormField(event)\"\n\t\t\ttype=\"text\" name=\"fields[99e41b2]\" id=\"form-field-99e41b2\" class=\"raven-field\" placeholder=\"Nom du contact principal\" data-type=\"text\" data-custom-id=\"name\" required=\"required\">\n\t\t\t\t<\/div>\n\t\t\t\t<div id=\"raven-field-group-d5a1a93\" class=\"raven-flex-wrap raven-field-type-email raven-field-group elementor-column elementor-col-33 raven-field-required\">\n\t\t\t\t\t<label\n\t\t\tfor=\"form-field-d5a1a93\"\n\t\t\tclass=\"raven-field-label\">\n\t\t\tCourriel\t\t\t\t\t\t\t<span class=\"required-mark-label\"><\/span>\n\t\t\t\t\t\t<\/label>\n\t\t\t\t<input\n\t\t\toninput=\"onInvalidRavenFormField(event)\"\n\t\t\toninvalid=\"onInvalidRavenFormField(event)\"\n\t\t\ttype=\"email\" name=\"fields[d5a1a93]\" id=\"form-field-d5a1a93\" class=\"raven-field\" placeholder=\"Courriel\" data-type=\"email\" data-custom-id=\"email\" required=\"required\">\n\t\t\t\t<\/div>\n\t\t\t\t<div id=\"raven-field-group-cc11b67\" class=\"raven-flex-wrap raven-field-type-text raven-field-group elementor-column elementor-col-33 raven-field-required\">\n\t\t\t\t\t<label\n\t\t\tfor=\"form-field-cc11b67\"\n\t\t\tclass=\"raven-field-label\">\n\t\t\tNum\u00e9ro de t\u00e9l\u00e9phone :\t\t\t\t\t\t\t<span class=\"required-mark-label\"><\/span>\n\t\t\t\t\t\t<\/label>\n\t\t\t\t<input\n\t\t\toninput=\"onInvalidRavenFormField(event)\"\n\t\t\toninvalid=\"onInvalidRavenFormField(event)\"\n\t\t\ttype=\"text\" name=\"fields[cc11b67]\" id=\"form-field-cc11b67\" class=\"raven-field\" placeholder=\"Num\u00e9ro de t\u00e9l\u00e9phone :\" data-type=\"text\" data-custom-id=\"\" required=\"required\">\n\t\t\t\t<\/div>\n\t\t\t\t<div id=\"raven-field-group-8adeceb\" class=\"raven-flex-wrap raven-field-type-checkbox raven-field-group elementor-column elementor-col-66 raven-field-required\">\n\t\t\t\t\t<label\n\t\t\tfor=\"form-field-8adeceb\"\n\t\t\tclass=\"raven-field-label\">\n\t\t\tQuel type de partenariat vous int\u00e9resse\u2009? (Cocher tout ce qui s'applique) \t\t\t\t\t\t\t<span class=\"required-mark-label\"><\/span>\n\t\t\t\t\t\t<\/label>\n\t\t<div class=\"raven-field-subgroup \"><span class=\"raven-field-option raven-field-option-checkbox\"><input type=\"checkbox\" value=\"Event Sponsorship\" id=\"form-field-8adeceb-0-5jq9\" name=\"fields[8adeceb][]\" data-custom-id=\"\"  class=\"raven-field\"> <label for=\"form-field-8adeceb-0-5jq9\" class=\"raven-field-label\">Event Sponsorship<\/label><\/span><span class=\"raven-field-option raven-field-option-checkbox\"><input type=\"checkbox\" value=\"Program Sponsorship\" id=\"form-field-8adeceb-1-5jq9\" name=\"fields[8adeceb][]\" data-custom-id=\"\"  class=\"raven-field\"> <label for=\"form-field-8adeceb-1-5jq9\" class=\"raven-field-label\">Program Sponsorship<\/label><\/span><span class=\"raven-field-option raven-field-option-checkbox\"><input type=\"checkbox\" value=\"General Funding Support\" id=\"form-field-8adeceb-2-5jq9\" name=\"fields[8adeceb][]\" data-custom-id=\"\"  class=\"raven-field\"> <label for=\"form-field-8adeceb-2-5jq9\" class=\"raven-field-label\">General Funding Support<\/label><\/span><span class=\"raven-field-option raven-field-option-checkbox\"><input type=\"checkbox\" value=\"Grant\/Donation Partnership\" id=\"form-field-8adeceb-3-5jq9\" name=\"fields[8adeceb][]\" data-custom-id=\"\"  class=\"raven-field\"> <label for=\"form-field-8adeceb-3-5jq9\" class=\"raven-field-label\">Grant\/Donation Partnership<\/label><\/span><span class=\"raven-field-option raven-field-option-checkbox\"><input type=\"checkbox\" value=\"In-Kind Support (e.g., products, services, venues, media)\" id=\"form-field-8adeceb-4-5jq9\" name=\"fields[8adeceb][]\" data-custom-id=\"\"  class=\"raven-field\"> <label for=\"form-field-8adeceb-4-5jq9\" class=\"raven-field-label\">In-Kind Support (e.g., products, services, venues, media)<\/label><\/span><span class=\"raven-field-option raven-field-option-checkbox\"><input type=\"checkbox\" value=\"Other (please specify below)\" id=\"form-field-8adeceb-5-5jq9\" name=\"fields[8adeceb][]\" data-custom-id=\"\"  class=\"raven-field\"> <label for=\"form-field-8adeceb-5-5jq9\" class=\"raven-field-label\">Other (please specify below)<\/label><\/span><\/div>\t\t<\/div>\n\t\t\t\t<div id=\"raven-field-group-90238d8\" class=\"raven-flex-wrap raven-field-type-acceptance raven-field-group elementor-column elementor-col-100 raven-field-required\">\n\t\t\t\t\t<div class=\"raven-field-subgroup\">\n\t\t\t<span class=\"raven-field-option raven-field-option-checkbox\">\n\t\t\t\t<input\n\t\t\t\t\toninput=\"onInvalidRavenFormField(event)\"\n\t\t\t\t\toninvalid=\"onInvalidRavenFormField(event)\"\n\t\t\t\t\ttype=\"checkbox\" name=\"fields[90238d8]\" id=\"form-field-90238d8-zj5b\" data-custom-id=\"\" required=\"required\"  class=\"raven-field\">\n\t\t\t\t<label\n\t\t\t\t\tfor=\"form-field-90238d8-zj5b\"\n\t\t\t\t\tclass=\"raven-field-label\">\n\t\t\t\t\tI understand that Submitting this form does not guarantee a partnership. All submissions will be reviewed, and we will reach out if there is an opportunity to collaborate.\t\t\t\t\t\t\t\t\t\t\t<span class=\"required-mark-label\"><\/span>\n\t\t\t\t\t\t\t\t\t\t<\/label>\n\t\t\t<\/span>\n\t\t<\/div>\n\t\t\t\t<\/div>\n\t\t\t\t\t\t\t<div class=\"raven-field-group raven-field-type-submit-button elementor-column elementor-col-20\">\n\t\t\t\t\t\t\t\t\t<button class=\"raven-submit-button\" type=\"submit\">\n\t\t\t\t\t\t<span>Envoyer<\/span>\n\t\t<\/button>\n\t\t\t\t\t\t\t<\/div>\n\t\t\t\t<\/form>\n\n\t\t\t\t\t\t\t\t<\/div>\n\t\t\t\t<\/div>\n\t\t\t\t\t<\/div>\n\t\t\t\t<\/div>\n\t\t\t\t<\/div>\n\t\t","protected":false},"excerpt":{"rendered":"<p>Rejoignez le mouvement. Fa\u00e7onner l&rsquo;avenir du sport canadien. \u00c0 IRSC, nous nous engageons \u00e0 b\u00e2tir une communaut\u00e9 sportive plus inclusive, diversifi\u00e9e et \u00e9quitable. Votre organisation souhaite-t-elle nous soutenir, collaborer avec nous ou devenir notre partenaire ? Voyons comment nous pouvons produire un impact r\u00e9el \u2013 ensemble. NOUS SOMMES #PLUSFORTENSEMBLE Pourquoi devenir partenaire d&rsquo;IRSC\u2009? Soutenir les [&hellip;]<\/p>\n","protected":false},"author":1,"featured_media":0,"parent":0,"menu_order":0,"comment_status":"closed","ping_status":"closed","template":"elementor_header_footer","meta":{"_acf_changed":false,"footnotes":""},"class_list":["post-6662","page","type-page","status-publish","hentry"],"acf":[],"_links":{"self":[{"href":"https:\/\/inclusionincanadiansports.ca\/fr\/wp-json\/wp\/v2\/pages\/6662","targetHints":{"allow":["GET"]}}],"collection":[{"href":"https:\/\/inclusionincanadiansports.ca\/fr\/wp-json\/wp\/v2\/pages"}],"about":[{"href":"https:\/\/inclusionincanadiansports.ca\/fr\/wp-json\/wp\/v2\/types\/page"}],"author":[{"embeddable":true,"href":"https:\/\/inclusionincanadiansports.ca\/fr\/wp-json\/wp\/v2\/users\/1"}],"replies":[{"embeddable":true,"href":"https:\/\/inclusionincanadiansports.ca\/fr\/wp-json\/wp\/v2\/comments?post=6662"}],"version-history":[{"count":15,"href":"https:\/\/inclusionincanadiansports.ca\/fr\/wp-json\/wp\/v2\/pages\/6662\/revisions"}],"predecessor-version":[{"id":11398,"href":"https:\/\/inclusionincanadiansports.ca\/fr\/wp-json\/wp\/v2\/pages\/6662\/revisions\/11398"}],"wp:attachment":[{"href":"https:\/\/inclusionincanadiansports.ca\/fr\/wp-json\/wp\/v2\/media?parent=6662"}],"curies":[{"name":"wp","href":"https:\/\/api.w.org\/{rel}","templated":true}]}}