{"id":5495,"date":"2024-07-30T19:06:01","date_gmt":"2024-07-30T23:06:01","guid":{"rendered":"https:\/\/inclusionincanadiansports.ca\/membres-du-conseil-dadministration\/"},"modified":"2026-03-26T10:23:04","modified_gmt":"2026-03-26T14:23:04","slug":"membres-du-conseil-dadministration","status":"publish","type":"page","link":"https:\/\/inclusionincanadiansports.ca\/fr\/membres-du-conseil-dadministration\/","title":{"rendered":"Rencontrez notre \u00e9quipe"},"content":{"rendered":"\t\t<div data-elementor-type=\"wp-page\" data-elementor-id=\"5495\" class=\"elementor elementor-5495 elementor-5459\" data-elementor-post-type=\"page\">\n\t\t\t\t<div class=\"elementor-element elementor-element-d80066c e-flex e-con-boxed e-con e-parent\" data-id=\"d80066c\" data-element_type=\"container\" data-e-type=\"container\" data-settings=\"{&quot;jet_parallax_layout_list&quot;:[{&quot;jet_parallax_layout_image&quot;:{&quot;url&quot;:&quot;&quot;,&quot;id&quot;:&quot;&quot;,&quot;size&quot;:&quot;&quot;},&quot;_id&quot;:&quot;06abad0&quot;,&quot;jet_parallax_layout_speed&quot;:{&quot;unit&quot;:&quot;%&quot;,&quot;size&quot;:&quot;50&quot;,&quot;sizes&quot;:[]},&quot;jet_parallax_layout_bg_x&quot;:&quot;50&quot;,&quot;jet_parallax_layout_bg_y&quot;:&quot;50&quot;,&quot;jet_parallax_layout_image_tablet&quot;:{&quot;url&quot;:&quot;&quot;,&quot;id&quot;:&quot;&quot;,&quot;size&quot;:&quot;&quot;},&quot;jet_parallax_layout_image_mobile&quot;:{&quot;url&quot;:&quot;&quot;,&quot;id&quot;:&quot;&quot;,&quot;size&quot;:&quot;&quot;},&quot;jet_parallax_layout_image_laptop&quot;:{&quot;url&quot;:&quot;&quot;,&quot;id&quot;:&quot;&quot;,&quot;size&quot;:&quot;&quot;},&quot;jet_parallax_layout_type&quot;:&quot;scroll&quot;,&quot;jet_parallax_layout_direction&quot;:&quot;1&quot;,&quot;jet_parallax_layout_fx_direction&quot;:null,&quot;jet_parallax_layout_z_index&quot;:&quot;&quot;,&quot;jet_parallax_layout_bg_x_laptop&quot;:&quot;&quot;,&quot;jet_parallax_layout_bg_x_tablet&quot;:&quot;&quot;,&quot;jet_parallax_layout_bg_x_mobile&quot;:&quot;&quot;,&quot;jet_parallax_layout_bg_y_laptop&quot;:&quot;&quot;,&quot;jet_parallax_layout_bg_y_tablet&quot;:&quot;&quot;,&quot;jet_parallax_layout_bg_y_mobile&quot;:&quot;&quot;,&quot;jet_parallax_layout_bg_size&quot;:&quot;auto&quot;,&quot;jet_parallax_layout_bg_size_laptop&quot;:&quot;&quot;,&quot;jet_parallax_layout_bg_size_tablet&quot;:&quot;&quot;,&quot;jet_parallax_layout_bg_size_mobile&quot;:&quot;&quot;,&quot;jet_parallax_layout_animation_prop&quot;:&quot;transform&quot;,&quot;jet_parallax_layout_on&quot;:[&quot;desktop&quot;,&quot;tablet&quot;]}],&quot;background_background&quot;:&quot;classic&quot;}\">\n\t\t\t\t\t<div class=\"e-con-inner\">\n\t\t<div class=\"elementor-element elementor-element-69630a8 e-con-full e-flex e-con e-child\" data-id=\"69630a8\" data-element_type=\"container\" data-e-type=\"container\" data-settings=\"{&quot;jet_parallax_layout_list&quot;:[]}\">\n\t\t\t\t<div class=\"elementor-element elementor-element-cc5630f elementor-widget elementor-widget-spacer\" data-id=\"cc5630f\" data-element_type=\"widget\" data-e-type=\"widget\" data-widget_type=\"spacer.default\">\n\t\t\t\t<div class=\"elementor-widget-container\">\n\t\t\t\t\t\t\t<div class=\"elementor-spacer\">\n\t\t\t<div class=\"elementor-spacer-inner\"><\/div>\n\t\t<\/div>\n\t\t\t\t\t\t<\/div>\n\t\t\t\t<\/div>\n\t\t\t\t<div class=\"elementor-element elementor-element-570b8de elementor-align-center elementor-widget elementor-widget-raven-heading\" data-id=\"570b8de\" data-element_type=\"widget\" data-e-type=\"widget\" data-widget_type=\"raven-heading.default\">\n\t\t\t\t<div class=\"elementor-widget-container\">\n\t\t\t\t\t\t\t<div class=\"raven-widget-wrapper\"><h2 class=\"raven-heading raven-heading-h2\"><span class=\"raven-heading-title \">L'\u00e9quipe<\/span><\/h2><\/div>\n\t\t\t\t\t\t<\/div>\n\t\t\t\t<\/div>\n\t\t\t\t<div class=\"elementor-element elementor-element-26b9c97 elementor-widget elementor-widget-menu-anchor\" data-id=\"26b9c97\" data-element_type=\"widget\" data-e-type=\"widget\" data-widget_type=\"menu-anchor.default\">\n\t\t\t\t<div class=\"elementor-widget-container\">\n\t\t\t\t\t\t\t<div class=\"elementor-menu-anchor\" id=\"about-faq\"><\/div>\n\t\t\t\t\t\t<\/div>\n\t\t\t\t<\/div>\n\t\t\t\t<div class=\"elementor-element elementor-element-53d6ca4 card-layout--standard content-alignment--left hover-effect--none equal-height--yes social-icon-shape--rounded elementor-widget elementor-widget-raven-team-members\" data-id=\"53d6ca4\" data-element_type=\"widget\" data-e-type=\"widget\" data-widget_type=\"raven-team-members.default\">\n\t\t\t\t<div class=\"elementor-widget-container\">\n\t\t\t\t\t\t\t<div class=\"raven-team-members-wrapper\">\n\t\t\t\t\t\t\t<div class=\"elementor-repeater-item-dc2f68a team-member\">\n\t\t\t\t\t<div class=\"team-member--image-container\">\t\t<div class=\"team-member--image-wrapper\">\n\t\t\t\t\t\t<img decoding=\"async\" class=\"team-member--image\" src=\"\" alt=\"\">\n\t\t\t\t\t<\/div>\n\t\t<\/div>\t\t<div class=\"team-member--content\">\n\t\t\t<h2 class=\"team-member--name\">Shauna Bookal (Elle)<\/h2><div class=\"team-member--position\" title=\"\"><\/div><div class=\"team-member--description\">Pr\u00e9sidente et directrice g\u00e9n\u00e9rale (PDG)<\/div><div class=\"social-icons-wrapper\"><\/div>\t\t<\/div>\n\t\t\t\t\t\t<\/div>\n\t\t\t\t\t\t\t<div class=\"elementor-repeater-item-64a1d0b team-member\">\n\t\t\t\t\t<div class=\"team-member--image-container\">\t\t<div class=\"team-member--image-wrapper\">\n\t\t\t\t\t\t<img decoding=\"async\" class=\"team-member--image\" src=\"\" alt=\"\">\n\t\t\t\t\t<\/div>\n\t\t<\/div>\t\t<div class=\"team-member--content\">\n\t\t\t<h2 class=\"team-member--name\">Phillip Kagoma (Il)<\/h2><div class=\"team-member--position\" title=\"\"><\/div><div class=\"team-member--description\">Coordonnateur administratif et des op\u00e9rations<\/div><div class=\"social-icons-wrapper\"><\/div>\t\t<\/div>\n\t\t\t\t\t\t<\/div>\n\t\t\t\t\t\t\t<div class=\"elementor-repeater-item-6bc50d7 team-member\">\n\t\t\t\t\t<div class=\"team-member--image-container\">\t\t<div class=\"team-member--image-wrapper\">\n\t\t\t\t\t\t<img decoding=\"async\" class=\"team-member--image\" src=\"\" alt=\"\">\n\t\t\t\t\t<\/div>\n\t\t<\/div>\t\t<div class=\"team-member--content\">\n\t\t\t<h2 class=\"team-member--name\">Brigitte Lefebvre-Okankwu (Elle)<\/h2><div class=\"team-member--position\" title=\"\"><\/div><div class=\"team-member--description\">Coordonnatrice marketing et communications<\/div><div class=\"social-icons-wrapper\"><\/div>\t\t<\/div>\n\t\t\t\t\t\t<\/div>\n\t\t\t\t\t\t\t<div class=\"elementor-repeater-item-4e837c2 team-member\">\n\t\t\t\t\t<div class=\"team-member--image-container\">\t\t<div class=\"team-member--image-wrapper\">\n\t\t\t\t\t\t<img decoding=\"async\" class=\"team-member--image\" src=\"\" alt=\"\">\n\t\t\t\t\t<\/div>\n\t\t<\/div>\t\t<div class=\"team-member--content\">\n\t\t\t<h2 class=\"team-member--name\">Dheeksha Veerasubramanian (Elle)<\/h2><div class=\"team-member--position\" title=\"\"><\/div><div class=\"team-member--description\">Sp\u00e9cialiste en partenariats communautaires et \u00e9v\u00e8nements<\/div><div class=\"social-icons-wrapper\"><\/div>\t\t<\/div>\n\t\t\t\t\t\t<\/div>\n\t\t\t\t\t<\/div>\n\t\t\t\t\t\t<\/div>\n\t\t\t\t<\/div>\n\t\t\t\t<div class=\"elementor-element elementor-element-789f081 elementor-widget elementor-widget-spacer\" data-id=\"789f081\" data-element_type=\"widget\" data-e-type=\"widget\" data-widget_type=\"spacer.default\">\n\t\t\t\t<div class=\"elementor-widget-container\">\n\t\t\t\t\t\t\t<div class=\"elementor-spacer\">\n\t\t\t<div class=\"elementor-spacer-inner\"><\/div>\n\t\t<\/div>\n\t\t\t\t\t\t<\/div>\n\t\t\t\t<\/div>\n\t\t\t\t<\/div>\n\t\t\t\t\t<\/div>\n\t\t\t\t<\/div>\n\t\t<div class=\"elementor-element elementor-element-ac8c7f8 e-flex e-con-boxed e-con e-parent\" data-id=\"ac8c7f8\" data-element_type=\"container\" data-e-type=\"container\" data-settings=\"{&quot;jet_parallax_layout_list&quot;:[{&quot;jet_parallax_layout_image&quot;:{&quot;url&quot;:&quot;&quot;,&quot;id&quot;:&quot;&quot;,&quot;size&quot;:&quot;&quot;},&quot;_id&quot;:&quot;06abad0&quot;,&quot;jet_parallax_layout_speed&quot;:{&quot;unit&quot;:&quot;%&quot;,&quot;size&quot;:&quot;50&quot;,&quot;sizes&quot;:[]},&quot;jet_parallax_layout_bg_x&quot;:&quot;50&quot;,&quot;jet_parallax_layout_bg_y&quot;:&quot;50&quot;,&quot;jet_parallax_layout_image_tablet&quot;:{&quot;url&quot;:&quot;&quot;,&quot;id&quot;:&quot;&quot;,&quot;size&quot;:&quot;&quot;},&quot;jet_parallax_layout_image_mobile&quot;:{&quot;url&quot;:&quot;&quot;,&quot;id&quot;:&quot;&quot;,&quot;size&quot;:&quot;&quot;},&quot;jet_parallax_layout_image_laptop&quot;:{&quot;url&quot;:&quot;&quot;,&quot;id&quot;:&quot;&quot;,&quot;size&quot;:&quot;&quot;},&quot;jet_parallax_layout_type&quot;:&quot;scroll&quot;,&quot;jet_parallax_layout_direction&quot;:&quot;1&quot;,&quot;jet_parallax_layout_fx_direction&quot;:null,&quot;jet_parallax_layout_z_index&quot;:&quot;&quot;,&quot;jet_parallax_layout_bg_x_laptop&quot;:&quot;&quot;,&quot;jet_parallax_layout_bg_x_tablet&quot;:&quot;&quot;,&quot;jet_parallax_layout_bg_x_mobile&quot;:&quot;&quot;,&quot;jet_parallax_layout_bg_y_laptop&quot;:&quot;&quot;,&quot;jet_parallax_layout_bg_y_tablet&quot;:&quot;&quot;,&quot;jet_parallax_layout_bg_y_mobile&quot;:&quot;&quot;,&quot;jet_parallax_layout_bg_size&quot;:&quot;auto&quot;,&quot;jet_parallax_layout_bg_size_laptop&quot;:&quot;&quot;,&quot;jet_parallax_layout_bg_size_tablet&quot;:&quot;&quot;,&quot;jet_parallax_layout_bg_size_mobile&quot;:&quot;&quot;,&quot;jet_parallax_layout_animation_prop&quot;:&quot;transform&quot;,&quot;jet_parallax_layout_on&quot;:[&quot;desktop&quot;,&quot;tablet&quot;]}],&quot;background_background&quot;:&quot;classic&quot;}\">\n\t\t\t\t\t<div class=\"e-con-inner\">\n\t\t<div class=\"elementor-element elementor-element-175185c e-con-full e-flex e-con e-child\" data-id=\"175185c\" data-element_type=\"container\" data-e-type=\"container\" data-settings=\"{&quot;jet_parallax_layout_list&quot;:[]}\">\n\t\t\t\t<div class=\"elementor-element elementor-element-6050d5b elementor-widget elementor-widget-spacer\" data-id=\"6050d5b\" data-element_type=\"widget\" data-e-type=\"widget\" data-widget_type=\"spacer.default\">\n\t\t\t\t<div class=\"elementor-widget-container\">\n\t\t\t\t\t\t\t<div class=\"elementor-spacer\">\n\t\t\t<div class=\"elementor-spacer-inner\"><\/div>\n\t\t<\/div>\n\t\t\t\t\t\t<\/div>\n\t\t\t\t<\/div>\n\t\t\t\t<div class=\"elementor-element elementor-element-e327bb2 elementor-align-center elementor-widget elementor-widget-raven-heading\" data-id=\"e327bb2\" data-element_type=\"widget\" data-e-type=\"widget\" data-widget_type=\"raven-heading.default\">\n\t\t\t\t<div class=\"elementor-widget-container\">\n\t\t\t\t\t\t\t<div class=\"raven-widget-wrapper\"><h2 class=\"raven-heading raven-heading-h2\"><span class=\"raven-heading-title \">Membres du conseil d'administration<\/span><\/h2><\/div>\n\t\t\t\t\t\t<\/div>\n\t\t\t\t<\/div>\n\t\t\t\t<div class=\"elementor-element elementor-element-53a07da elementor-widget elementor-widget-menu-anchor\" data-id=\"53a07da\" data-element_type=\"widget\" data-e-type=\"widget\" data-widget_type=\"menu-anchor.default\">\n\t\t\t\t<div class=\"elementor-widget-container\">\n\t\t\t\t\t\t\t<div class=\"elementor-menu-anchor\" id=\"about-faq\"><\/div>\n\t\t\t\t\t\t<\/div>\n\t\t\t\t<\/div>\n\t\t\t\t<div class=\"elementor-element elementor-element-e736e4a card-layout--standard content-alignment--left hover-effect--none equal-height--yes social-icon-shape--rounded elementor-widget elementor-widget-raven-team-members\" data-id=\"e736e4a\" data-element_type=\"widget\" data-e-type=\"widget\" data-widget_type=\"raven-team-members.default\">\n\t\t\t\t<div class=\"elementor-widget-container\">\n\t\t\t\t\t\t\t<div class=\"raven-team-members-wrapper\">\n\t\t\t\t\t\t\t<div class=\"elementor-repeater-item-64a1d0b team-member\">\n\t\t\t\t\t<div class=\"team-member--image-container\">\t\t<div class=\"team-member--image-wrapper\">\n\t\t\t\t\t\t<img decoding=\"async\" class=\"team-member--image\" src=\"\" alt=\"\">\n\t\t\t\t\t<\/div>\n\t\t<\/div>\t\t<div class=\"team-member--content\">\n\t\t\t<h2 class=\"team-member--name\">Tristian Reid (Il)<\/h2><div class=\"team-member--position\" title=\"Ontario\">Ontario<\/div><div class=\"team-member--description\">Pr\u00e9sident<\/div><div class=\"social-icons-wrapper\"><\/div>\t\t<\/div>\n\t\t\t\t\t\t<\/div>\n\t\t\t\t\t\t\t<div class=\"elementor-repeater-item-6f2434e team-member\">\n\t\t\t\t\t<div class=\"team-member--image-container\">\t\t<div class=\"team-member--image-wrapper\">\n\t\t\t\t\t\t<img decoding=\"async\" class=\"team-member--image\" src=\"\" alt=\"\">\n\t\t\t\t\t<\/div>\n\t\t<\/div>\t\t<div class=\"team-member--content\">\n\t\t\t<h2 class=\"team-member--name\">Kurt Michael Downes (Il)<\/h2><div class=\"team-member--position\" title=\"Ontario\">Ontario<\/div><div class=\"team-member--description\">Tr\u00e9sorier<\/div><div class=\"social-icons-wrapper\"><\/div>\t\t<\/div>\n\t\t\t\t\t\t<\/div>\n\t\t\t\t\t\t\t<div class=\"elementor-repeater-item-e4b0951 team-member\">\n\t\t\t\t\t<div class=\"team-member--image-container\">\t\t<div class=\"team-member--image-wrapper\">\n\t\t\t\t\t\t<img decoding=\"async\" class=\"team-member--image\" src=\"\" alt=\"\">\n\t\t\t\t\t<\/div>\n\t\t<\/div>\t\t<div class=\"team-member--content\">\n\t\t\t<h2 class=\"team-member--name\">Tara Mrakic (Elle)<\/h2><div class=\"team-member--position\" title=\"Qu\u00e9bec\">Qu\u00e9bec<\/div><div class=\"team-member--description\">Secr\u00e9taire<\/div><div class=\"social-icons-wrapper\"><\/div>\t\t<\/div>\n\t\t\t\t\t\t<\/div>\n\t\t\t\t\t\t\t<div class=\"elementor-repeater-item-dc2f68a team-member\">\n\t\t\t\t\t<div class=\"team-member--image-container\">\t\t<div class=\"team-member--image-wrapper\">\n\t\t\t\t\t\t<img decoding=\"async\" class=\"team-member--image\" src=\"\" alt=\"\">\n\t\t\t\t\t<\/div>\n\t\t<\/div>\t\t<div class=\"team-member--content\">\n\t\t\t<h2 class=\"team-member--name\">Andrew Paris (Il)<\/h2><div class=\"team-member--position\" title=\"Nouvelle-\u00c9cosseA\">Nouvelle-\u00c9cosseA<\/div><div class=\"team-member--description\">Administrateur g\u00e9n\u00e9ral<\/div><div class=\"social-icons-wrapper\"><\/div>\t\t<\/div>\n\t\t\t\t\t\t<\/div>\n\t\t\t\t\t\t\t<div class=\"elementor-repeater-item-6bc50d7 team-member\">\n\t\t\t\t\t<div class=\"team-member--image-container\">\t\t<div class=\"team-member--image-wrapper\">\n\t\t\t\t\t\t<img decoding=\"async\" class=\"team-member--image\" src=\"\" alt=\"\">\n\t\t\t\t\t<\/div>\n\t\t<\/div>\t\t<div class=\"team-member--content\">\n\t\t\t<h2 class=\"team-member--name\">Corey Grant (Il)<\/h2><div class=\"team-member--position\" title=\"Ontario\">Ontario<\/div><div class=\"team-member--description\">Administratrice g\u00e9n\u00e9rale<\/div><div class=\"social-icons-wrapper\"><\/div>\t\t<\/div>\n\t\t\t\t\t\t<\/div>\n\t\t\t\t\t\t\t<div class=\"elementor-repeater-item-fdeef0d team-member\">\n\t\t\t\t\t<div class=\"team-member--image-container\">\t\t<div class=\"team-member--image-wrapper\">\n\t\t\t\t\t\t<img decoding=\"async\" class=\"team-member--image\" src=\"\" alt=\"\">\n\t\t\t\t\t<\/div>\n\t\t<\/div>\t\t<div class=\"team-member--content\">\n\t\t\t<h2 class=\"team-member--name\">Dalton Myers (Il)<\/h2><div class=\"team-member--position\" title=\"Ontario\">Ontario<\/div><div class=\"team-member--description\">Administrateur g\u00e9n\u00e9ral<\/div><div class=\"social-icons-wrapper\"><\/div>\t\t<\/div>\n\t\t\t\t\t\t<\/div>\n\t\t\t\t\t\t\t<div class=\"elementor-repeater-item-166bf96 team-member\">\n\t\t\t\t\t<div class=\"team-member--image-container\">\t\t<div class=\"team-member--image-wrapper\">\n\t\t\t\t\t\t<img decoding=\"async\" class=\"team-member--image\" src=\"\" alt=\"\">\n\t\t\t\t\t<\/div>\n\t\t<\/div>\t\t<div class=\"team-member--content\">\n\t\t\t<h2 class=\"team-member--name\">Olivia Ghosh-Swaby (Elle)<\/h2><div class=\"team-member--position\" title=\"Ontario\">Ontario<\/div><div class=\"team-member--description\">Administrateur g\u00e9n\u00e9ral<\/div><div class=\"social-icons-wrapper\"><\/div>\t\t<\/div>\n\t\t\t\t\t\t<\/div>\n\t\t\t\t\t<\/div>\n\t\t\t\t\t\t<\/div>\n\t\t\t\t<\/div>\n\t\t\t\t<div class=\"elementor-element elementor-element-aa5aa83 elementor-widget elementor-widget-spacer\" data-id=\"aa5aa83\" data-element_type=\"widget\" data-e-type=\"widget\" data-widget_type=\"spacer.default\">\n\t\t\t\t<div class=\"elementor-widget-container\">\n\t\t\t\t\t\t\t<div class=\"elementor-spacer\">\n\t\t\t<div class=\"elementor-spacer-inner\"><\/div>\n\t\t<\/div>\n\t\t\t\t\t\t<\/div>\n\t\t\t\t<\/div>\n\t\t\t\t<\/div>\n\t\t\t\t\t<\/div>\n\t\t\t\t<\/div>\n\t\t\t\t<\/div>\n\t\t","protected":false},"excerpt":{"rendered":"<p>L&rsquo;\u00e9quipe Shauna Bookal (Elle) Pr\u00e9sidente et directrice g\u00e9n\u00e9rale (PDG) Phillip Kagoma (Il) Coordonnateur administratif et des op\u00e9rations Brigitte Lefebvre-Okankwu (Elle) Coordonnatrice marketing et communications Dheeksha Veerasubramanian (Elle) Sp\u00e9cialiste en partenariats communautaires et \u00e9v\u00e8nements Membres du conseil d&rsquo;administration Tristian Reid (Il) OntarioPr\u00e9sident Kurt Michael Downes (Il) OntarioTr\u00e9sorier Tara Mrakic (Elle) Qu\u00e9becSecr\u00e9taire Andrew Paris (Il) Nouvelle-\u00c9cosseAAdministrateur g\u00e9n\u00e9ral [&hellip;]<\/p>\n","protected":false},"author":1,"featured_media":0,"parent":0,"menu_order":0,"comment_status":"closed","ping_status":"closed","template":"elementor_header_footer","meta":{"_acf_changed":false,"footnotes":""},"class_list":["post-5495","page","type-page","status-publish","hentry"],"acf":[],"_links":{"self":[{"href":"https:\/\/inclusionincanadiansports.ca\/fr\/wp-json\/wp\/v2\/pages\/5495","targetHints":{"allow":["GET"]}}],"collection":[{"href":"https:\/\/inclusionincanadiansports.ca\/fr\/wp-json\/wp\/v2\/pages"}],"about":[{"href":"https:\/\/inclusionincanadiansports.ca\/fr\/wp-json\/wp\/v2\/types\/page"}],"author":[{"embeddable":true,"href":"https:\/\/inclusionincanadiansports.ca\/fr\/wp-json\/wp\/v2\/users\/1"}],"replies":[{"embeddable":true,"href":"https:\/\/inclusionincanadiansports.ca\/fr\/wp-json\/wp\/v2\/comments?post=5495"}],"version-history":[{"count":21,"href":"https:\/\/inclusionincanadiansports.ca\/fr\/wp-json\/wp\/v2\/pages\/5495\/revisions"}],"predecessor-version":[{"id":11200,"href":"https:\/\/inclusionincanadiansports.ca\/fr\/wp-json\/wp\/v2\/pages\/5495\/revisions\/11200"}],"wp:attachment":[{"href":"https:\/\/inclusionincanadiansports.ca\/fr\/wp-json\/wp\/v2\/media?parent=5495"}],"curies":[{"name":"wp","href":"https:\/\/api.w.org\/{rel}","templated":true}]}}