{"id":4902,"date":"2024-06-05T16:42:27","date_gmt":"2024-06-05T20:42:27","guid":{"rendered":"https:\/\/inclusionincanadiansports.ca\/presentation-de-la-conference\/"},"modified":"2026-04-01T19:10:56","modified_gmt":"2026-04-01T23:10:56","slug":"presentation-de-la-conference","status":"publish","type":"page","link":"https:\/\/inclusionincanadiansports.ca\/fr\/presentation-de-la-conference\/","title":{"rendered":"Pr\u00e9sentation de la conf\u00e9rence"},"content":{"rendered":"\t\t<div data-elementor-type=\"wp-page\" data-elementor-id=\"4902\" class=\"elementor elementor-4902 elementor-4874\" data-elementor-post-type=\"page\">\n\t\t\t\t<div class=\"elementor-element elementor-element-9a142e5 e-con-full e-flex e-con e-parent\" data-id=\"9a142e5\" data-element_type=\"container\" data-e-type=\"container\" data-settings=\"{&quot;background_background&quot;:&quot;classic&quot;,&quot;jet_parallax_layout_list&quot;:[]}\">\n\t\t\t\t<div class=\"elementor-element elementor-element-0743338 elementor-widget elementor-widget-image\" data-id=\"0743338\" data-element_type=\"widget\" data-e-type=\"widget\" data-widget_type=\"image.default\">\n\t\t\t\t<div class=\"elementor-widget-container\">\n\t\t\t\t\t\t\t\t\t\t\t\t\t\t\t<img fetchpriority=\"high\" decoding=\"async\" width=\"1024\" height=\"340\" src=\"https:\/\/inclusionincanadiansports.ca\/wp-content\/uploads\/2024\/04\/DISC-logo-color-BLK-1024x340-FR-1.png\" class=\"attachment-large size-large wp-image-3855\" alt=\"Diversit\u00e9 dans le sport\" srcset=\"https:\/\/inclusionincanadiansports.ca\/wp-content\/uploads\/2024\/04\/DISC-logo-color-BLK-1024x340-FR-1.png 1024w, https:\/\/inclusionincanadiansports.ca\/wp-content\/uploads\/2024\/04\/DISC-logo-color-BLK-1024x340-FR-1-300x100.png 300w, https:\/\/inclusionincanadiansports.ca\/wp-content\/uploads\/2024\/04\/DISC-logo-color-BLK-1024x340-FR-1-768x255.png 768w\" sizes=\"(max-width: 1024px) 100vw, 1024px\" \/>\t\t\t\t\t\t\t\t\t\t\t\t\t\t\t<\/div>\n\t\t\t\t<\/div>\n\t\t\t\t<div class=\"elementor-element elementor-element-7fba3bc elementor-widget elementor-widget-spacer\" data-id=\"7fba3bc\" data-element_type=\"widget\" data-e-type=\"widget\" data-widget_type=\"spacer.default\">\n\t\t\t\t<div class=\"elementor-widget-container\">\n\t\t\t\t\t\t\t<div class=\"elementor-spacer\">\n\t\t\t<div class=\"elementor-spacer-inner\"><\/div>\n\t\t<\/div>\n\t\t\t\t\t\t<\/div>\n\t\t\t\t<\/div>\n\t\t\t\t<div class=\"elementor-element elementor-element-bf6ebe8 elementor-widget elementor-widget-spacer\" data-id=\"bf6ebe8\" data-element_type=\"widget\" data-e-type=\"widget\" data-widget_type=\"spacer.default\">\n\t\t\t\t<div class=\"elementor-widget-container\">\n\t\t\t\t\t\t\t<div class=\"elementor-spacer\">\n\t\t\t<div class=\"elementor-spacer-inner\"><\/div>\n\t\t<\/div>\n\t\t\t\t\t\t<\/div>\n\t\t\t\t<\/div>\n\t\t\t\t<\/div>\n\t\t<div class=\"elementor-element elementor-element-14cc3cb e-flex e-con-boxed e-con e-parent\" data-id=\"14cc3cb\" data-element_type=\"container\" data-e-type=\"container\" data-settings=\"{&quot;jet_parallax_layout_list&quot;:[{&quot;jet_parallax_layout_image&quot;:{&quot;url&quot;:&quot;&quot;,&quot;id&quot;:&quot;&quot;,&quot;size&quot;:&quot;&quot;},&quot;_id&quot;:&quot;ef1d4a6&quot;,&quot;jet_parallax_layout_speed&quot;:{&quot;unit&quot;:&quot;%&quot;,&quot;size&quot;:&quot;50&quot;,&quot;sizes&quot;:[]},&quot;jet_parallax_layout_bg_x&quot;:&quot;50&quot;,&quot;jet_parallax_layout_bg_y&quot;:&quot;50&quot;,&quot;jet_parallax_layout_image_tablet&quot;:{&quot;url&quot;:&quot;&quot;,&quot;id&quot;:&quot;&quot;,&quot;size&quot;:&quot;&quot;},&quot;jet_parallax_layout_image_mobile&quot;:{&quot;url&quot;:&quot;&quot;,&quot;id&quot;:&quot;&quot;,&quot;size&quot;:&quot;&quot;},&quot;jet_parallax_layout_image_laptop&quot;:{&quot;url&quot;:&quot;&quot;,&quot;id&quot;:&quot;&quot;,&quot;size&quot;:&quot;&quot;},&quot;jet_parallax_layout_type&quot;:&quot;scroll&quot;,&quot;jet_parallax_layout_direction&quot;:&quot;1&quot;,&quot;jet_parallax_layout_fx_direction&quot;:null,&quot;jet_parallax_layout_z_index&quot;:&quot;&quot;,&quot;jet_parallax_layout_bg_x_laptop&quot;:&quot;&quot;,&quot;jet_parallax_layout_bg_x_tablet&quot;:&quot;&quot;,&quot;jet_parallax_layout_bg_x_mobile&quot;:&quot;&quot;,&quot;jet_parallax_layout_bg_y_laptop&quot;:&quot;&quot;,&quot;jet_parallax_layout_bg_y_tablet&quot;:&quot;&quot;,&quot;jet_parallax_layout_bg_y_mobile&quot;:&quot;&quot;,&quot;jet_parallax_layout_bg_size&quot;:&quot;auto&quot;,&quot;jet_parallax_layout_bg_size_laptop&quot;:&quot;&quot;,&quot;jet_parallax_layout_bg_size_tablet&quot;:&quot;&quot;,&quot;jet_parallax_layout_bg_size_mobile&quot;:&quot;&quot;,&quot;jet_parallax_layout_animation_prop&quot;:&quot;transform&quot;,&quot;jet_parallax_layout_on&quot;:[&quot;desktop&quot;,&quot;tablet&quot;]}],&quot;background_background&quot;:&quot;classic&quot;}\">\n\t\t\t\t\t<div class=\"e-con-inner\">\n\t\t\t\t<div class=\"elementor-element elementor-element-53dac35 elementor-mobile-align-center elementor-align-center elementor-widget elementor-widget-raven-heading\" data-id=\"53dac35\" data-element_type=\"widget\" data-e-type=\"widget\" data-widget_type=\"raven-heading.default\">\n\t\t\t\t<div class=\"elementor-widget-container\">\n\t\t\t\t\t\t\t<div class=\"raven-widget-wrapper\"><h1 class=\"raven-heading raven-heading-h1\"><span class=\"raven-heading-title \">Nous sommes engag\u00e9s \u00e0 promouvoir l'\u00e9quit\u00e9, la diversit\u00e9 et l'inclusion dans le sport<\/span><\/h1><\/div>\n\t\t\t\t\t\t<\/div>\n\t\t\t\t<\/div>\n\t\t\t\t<div class=\"elementor-element elementor-element-183cf8b elementor-widget elementor-widget-raven-button\" data-id=\"183cf8b\" data-element_type=\"widget\" data-e-type=\"widget\" data-settings=\"{&quot;turn_to_popup_action_button&quot;:&quot;no&quot;}\" data-widget_type=\"raven-button.default\">\n\t\t\t\t<div class=\"elementor-widget-container\">\n\t\t\t\t\t\t\t<div class=\"raven-widget-wrapper\">\n\t\t\t<a class=\"raven-button raven-button-widget-normal-effect-none  raven-button-text-align-center raven-button-link elementor-animation-none\" href=\"https:\/\/inclusionincanadiansports.ca\/2026disc\/\">\t\t\t\t<div class=\"raven-button-overlay\" ><\/div>\n\t\t\t\t<span class=\"raven-button-content\">\n\t\t\t\t\t\n\t\t\t\t\t<div class=\"button-text-container\">\n\t\t\t\t\t\t\t\t\t\t\t\t<div class=\"raven-button-texts-wrapper\">\n\t\t\t\t\t\t\t<div class=\"button-text\">\n\t\t\t\t\t\t\t\t<span class=\"raven-button-text\">\n\t\t\t\t\t\t\t\t\tVisitez la page de la conf\u00e9rence sur la diversit\u00e9 dans le sport 2026\t\t\t\t\t\t\t\t<\/span>\n\t\t\t\t\t\t\t<\/div>\n\t\t\t\t\t\t\t\t\t\t\t\t\t<\/div>\n\t\t\t\t\t\t\t\t\t\t\t<\/div>\n\t\t\t\t\t\n\t\t\t\t\t\t\t\t\t<\/span>\n\t\t\t<\/a>\t\t<\/div>\n\t\t\t\t\t\t<\/div>\n\t\t\t\t<\/div>\n\t\t\t\t\t<\/div>\n\t\t\t\t<\/div>\n\t\t<div class=\"elementor-element elementor-element-4f08d0a e-flex e-con-boxed e-con e-parent\" data-id=\"4f08d0a\" data-element_type=\"container\" data-e-type=\"container\" data-settings=\"{&quot;jet_parallax_layout_list&quot;:[]}\">\n\t\t\t\t\t<div class=\"e-con-inner\">\n\t\t\t\t<div class=\"elementor-element elementor-element-1d19a2e elementor-widget elementor-widget-text-editor\" data-id=\"1d19a2e\" data-element_type=\"widget\" data-e-type=\"widget\" data-widget_type=\"text-editor.default\">\n\t\t\t\t<div class=\"elementor-widget-container\">\n\t\t\t\t\t\t\t\t\t<p>La <span style=\"color: #c4141b;\"><strong>conf\u00e9rence sur la diversit\u00e9 dans le sport<\/strong><\/span>, pr\u00e9sent\u00e9e par <span style=\"color: #c4141b;\"><strong>Inclusion dans le r\u00e9seau sportif canadien (IRSC)<\/strong><\/span> est consacr\u00e9e \u00e0 la promotion de l\u2019\u00e9quit\u00e9, de la diversit\u00e9 et de l\u2019inclusion (EDI) dans le sport amateur. L\u2019IRSC est ravi d\u2019offrir une vari\u00e9t\u00e9 de ressources et de strat\u00e9gies pour vous aider \u00e0 cr\u00e9er un environnement sportif plus inclusif.<br>Les participants ont pris part \u00e0 des ateliers et \u00e0 des s\u00e9ances de formation con\u00e7us sp\u00e9cialement pour les leaders \u00e9mergents, les entraineurs, les officiels et les administrateurs sportifs PANDC. Rencontrez des personnes partageant les m\u00eames id\u00e9es et nouez des relations qui soutiendront vos efforts d&rsquo;EDI. Des conf\u00e9renciers d&rsquo;honneur qualifi\u00e9s proposeront des conseils pratiques sur la cr\u00e9ation d&rsquo;une culture sportive plus inclusive. Encourager la solidarit\u00e9 et promouvoir l\u2019inclusion des LGBTQ2S+ afin de cr\u00e9er un environnement o\u00f9 chacun se sent valoris\u00e9 et respect\u00e9.<br>Cet \u00e9v\u00e8nement, catalyseur de changement, \u00e9tait ouvert au public et accueillait les amateurs de sport, les athl\u00e8tes, les entraineurs, les administrateurs ainsi que les supporters.<br>L\u2019IRSC estime que la cr\u00e9ation d\u2019un environnement sportif plus diversifi\u00e9, plus \u00e9quitable et plus inclusif n\u00e9cessite un effort et un engagement continus, qui commencent avec chacun d\u2019entre nous.<br>Un \u00e9v\u00e8nement d\u00e9cisif qui nous a permis de nous plonger dans le pouvoir de l\u2019\u00e9quit\u00e9, de la diversit\u00e9 et de l\u2019inclusion dans le sport.<\/p>\t\t\t\t\t\t\t\t<\/div>\n\t\t\t\t<\/div>\n\t\t\t\t\t<\/div>\n\t\t\t\t<\/div>\n\t\t<div class=\"elementor-element elementor-element-0d0f83a e-flex e-con-boxed e-con e-parent\" data-id=\"0d0f83a\" data-element_type=\"container\" data-e-type=\"container\" data-settings=\"{&quot;jet_parallax_layout_list&quot;:[]}\">\n\t\t\t\t\t<div class=\"e-con-inner\">\n\t\t<div class=\"elementor-element elementor-element-1e4a39a e-con-full e-flex e-con e-child\" data-id=\"1e4a39a\" data-element_type=\"container\" data-e-type=\"container\" data-settings=\"{&quot;jet_parallax_layout_list&quot;:[]}\">\n\t\t\t\t<div class=\"elementor-element elementor-element-9dec0f1 elementor-position-top elementor-widget elementor-widget-image-box\" data-id=\"9dec0f1\" data-element_type=\"widget\" data-e-type=\"widget\" data-widget_type=\"image-box.default\">\n\t\t\t\t<div class=\"elementor-widget-container\">\n\t\t\t\t\t<div class=\"elementor-image-box-wrapper\"><figure class=\"elementor-image-box-img\"><img decoding=\"async\" width=\"340\" height=\"340\" src=\"https:\/\/inclusionincanadiansports.ca\/wp-content\/uploads\/2024\/02\/workshops-icon.gif\" class=\"attachment-full size-full wp-image-3854\" alt=\"\" \/><\/figure><div class=\"elementor-image-box-content\"><h3 class=\"elementor-image-box-title\">Ateliers<\/h3><p class=\"elementor-image-box-description\">Participez \u00e0 des ateliers stimulants<\/p><\/div><\/div>\t\t\t\t<\/div>\n\t\t\t\t<\/div>\n\t\t\t\t<\/div>\n\t\t<div class=\"elementor-element elementor-element-aaf6105 e-con-full e-flex e-con e-child\" data-id=\"aaf6105\" data-element_type=\"container\" data-e-type=\"container\" data-settings=\"{&quot;jet_parallax_layout_list&quot;:[]}\">\n\t\t\t\t<div class=\"elementor-element elementor-element-9f37275 elementor-position-top elementor-widget elementor-widget-image-box\" data-id=\"9f37275\" data-element_type=\"widget\" data-e-type=\"widget\" data-widget_type=\"image-box.default\">\n\t\t\t\t<div class=\"elementor-widget-container\">\n\t\t\t\t\t<div class=\"elementor-image-box-wrapper\"><figure class=\"elementor-image-box-img\"><img decoding=\"async\" width=\"340\" height=\"340\" src=\"https:\/\/inclusionincanadiansports.ca\/wp-content\/uploads\/2024\/02\/keynote-speaker.gif\" class=\"attachment-full size-full wp-image-3853\" alt=\"\" \/><\/figure><div class=\"elementor-image-box-content\"><h3 class=\"elementor-image-box-title\">Conf\u00e9renciers d'honneur<\/h3><p class=\"elementor-image-box-description\">Profitez de l'exp\u00e9rience de conf\u00e9renciers renomm\u00e9s<\/p><\/div><\/div>\t\t\t\t<\/div>\n\t\t\t\t<\/div>\n\t\t\t\t<\/div>\n\t\t<div class=\"elementor-element elementor-element-45dd7ce e-con-full e-flex e-con e-child\" data-id=\"45dd7ce\" data-element_type=\"container\" data-e-type=\"container\" data-settings=\"{&quot;jet_parallax_layout_list&quot;:[]}\">\n\t\t\t\t<div class=\"elementor-element elementor-element-b1f35ed elementor-position-top elementor-widget elementor-widget-image-box\" data-id=\"b1f35ed\" data-element_type=\"widget\" data-e-type=\"widget\" data-widget_type=\"image-box.default\">\n\t\t\t\t<div class=\"elementor-widget-container\">\n\t\t\t\t\t<div class=\"elementor-image-box-wrapper\"><figure class=\"elementor-image-box-img\"><img loading=\"lazy\" decoding=\"async\" width=\"340\" height=\"340\" src=\"https:\/\/inclusionincanadiansports.ca\/wp-content\/uploads\/2024\/02\/connecting-icon.gif\" class=\"attachment-full size-full wp-image-3852\" alt=\"\" \/><\/figure><div class=\"elementor-image-box-content\"><h3 class=\"elementor-image-box-title\">R\u00e9seautage<\/h3><p class=\"elementor-image-box-description\">Rencontrez des personnes partageant les m\u00eames id\u00e9es et passionn\u00e9es par la cr\u00e9ation d'un changement positif<\/p><\/div><\/div>\t\t\t\t<\/div>\n\t\t\t\t<\/div>\n\t\t\t\t<\/div>\n\t\t\t\t\t<\/div>\n\t\t\t\t<\/div>\n\t\t<div class=\"elementor-element elementor-element-b346304 e-flex e-con-boxed e-con e-parent\" data-id=\"b346304\" data-element_type=\"container\" data-e-type=\"container\" data-settings=\"{&quot;background_background&quot;:&quot;classic&quot;,&quot;jet_parallax_layout_list&quot;:[]}\">\n\t\t\t\t\t<div class=\"e-con-inner\">\n\t\t\t\t<div class=\"elementor-element elementor-element-751e040 elementor-widget elementor-widget-heading\" data-id=\"751e040\" data-element_type=\"widget\" data-e-type=\"widget\" data-widget_type=\"heading.default\">\n\t\t\t\t<div class=\"elementor-widget-container\">\n\t\t\t\t\t<h2 class=\"elementor-heading-title elementor-size-default\">La signification de notre logo<\/h2>\t\t\t\t<\/div>\n\t\t\t\t<\/div>\n\t\t\t\t<div class=\"elementor-element elementor-element-a66a7c6 elementor-widget elementor-widget-image\" data-id=\"a66a7c6\" data-element_type=\"widget\" data-e-type=\"widget\" data-widget_type=\"image.default\">\n\t\t\t\t<div class=\"elementor-widget-container\">\n\t\t\t\t\t\t\t\t\t\t\t\t\t\t\t<img loading=\"lazy\" decoding=\"async\" width=\"1200\" height=\"481\" src=\"https:\/\/inclusionincanadiansports.ca\/wp-content\/uploads\/2024\/12\/DISC-logo-description-fr.png\" class=\"attachment-full size-full wp-image-6088\" alt=\"Graphic showing the explanation for our logo\" srcset=\"https:\/\/inclusionincanadiansports.ca\/wp-content\/uploads\/2024\/12\/DISC-logo-description-fr.png 1200w, https:\/\/inclusionincanadiansports.ca\/wp-content\/uploads\/2024\/12\/DISC-logo-description-fr-300x120.png 300w, https:\/\/inclusionincanadiansports.ca\/wp-content\/uploads\/2024\/12\/DISC-logo-description-fr-1024x410.png 1024w, https:\/\/inclusionincanadiansports.ca\/wp-content\/uploads\/2024\/12\/DISC-logo-description-fr-768x308.png 768w\" sizes=\"(max-width: 1200px) 100vw, 1200px\" \/>\t\t\t\t\t\t\t\t\t\t\t\t\t\t\t<\/div>\n\t\t\t\t<\/div>\n\t\t\t\t<div class=\"elementor-element elementor-element-6cde8ef elementor-widget elementor-widget-text-editor\" data-id=\"6cde8ef\" data-element_type=\"widget\" data-e-type=\"widget\" data-widget_type=\"text-editor.default\">\n\t\t\t\t<div class=\"elementor-widget-container\">\n\t\t\t\t\t\t\t\t\t<p>En utilisant <span style=\"text-decoration: underline;\"><strong>DIFF\u00c9RENTES FAMILLES DE POLICES (1)<\/strong><\/span>, nous souhaitons montrer que des perspectives, des caract\u00e9ristiques, des exp\u00e9riences et des id\u00e9es diff\u00e9rentes nous offrent un large \u00e9ventail d&rsquo;opinions, d&rsquo;approches et de possibilit\u00e9s. Ensemble, ces diff\u00e9rentes familles de polices forment le mot DIVERSIT\u00c9, symbolisant une soci\u00e9t\u00e9 plus ouverte et inclusive, qui conduit \u00e0 de meilleurs r\u00e9sultats pour tous.<\/p><p>En pla\u00e7ant le mot DIVERSIT\u00c9 entre <span style=\"text-decoration: underline;\"><strong>CROCHETS (2)<\/strong><\/span>, nous soulignons la priorit\u00e9 accord\u00e9e \u00e0 ce sujet et, en m\u00eame temps, nous symbolisons l&rsquo;inclusion, en faisant en sorte que les diff\u00e9rentes familles de polices travaillent, vivent et partagent le m\u00eame espace.<\/p><p>Notre logo int\u00e8gre des <span style=\"text-decoration: underline;\"><strong>\u00c9L\u00c9MENTS INSPIR\u00c9S DE L&rsquo;ART AUTOCHTONE CANADIEN (3)<\/strong><\/span>, rendant ainsi hommage au riche patrimoine culturel et au lien profond qui unit ces peuples \u00e0 la terre. Ces r\u00e9f\u00e9rences graphiques reconnaissent le r\u00f4le essentiel des peuples autochtones dans le tissu de la diversit\u00e9, en c\u00e9l\u00e9brant leurs traditions, leur r\u00e9silience et leurs contributions. En int\u00e9grant cet art dans notre logo, nous pr\u00f4nons une inclusion qui respecte et met en valeur l&rsquo;histoire de chaque communaut\u00e9, favorisant ainsi l&rsquo;unit\u00e9 par la reconnaissance et le respect.  <\/p><p><span style=\"text-decoration: underline;\"><strong>L&rsquo;ARC-EN-CIEL (4)<\/strong><\/span> de notre logo repr\u00e9sente une mosa\u00efque vibrante d&rsquo;identit\u00e9s et de possibilit\u00e9s. Chaque teinte c\u00e9l\u00e8bre l&rsquo;individualit\u00e9 tout en se fondant dans la suivante, symbolisant les liens qui unissent la diversit\u00e9. Il refl\u00e8te notre vision d&rsquo;un monde o\u00f9 chaque nuance de l&rsquo;humanit\u00e9 est vue, c\u00e9l\u00e9br\u00e9e et unie dans la brillance, cr\u00e9ant une puissance gr\u00e2ce \u00e0 l&rsquo;inclusion.  <\/p><p><span style=\"text-decoration: underline;\"><strong>LA FEUILLE D&rsquo;\u00c9RABLE (5)<\/strong><\/span> symbolise l&rsquo;unit\u00e9, la r\u00e9silience et l&rsquo;identit\u00e9 commune du Canada. En tant qu&#8217;embl\u00e8me national, elle refl\u00e8te notre engagement \u00e0 favoriser l&rsquo;inclusion et \u00e0 c\u00e9l\u00e9brer les communaut\u00e9s diverses qui composent ce pays. <\/p>\t\t\t\t\t\t\t\t<\/div>\n\t\t\t\t<\/div>\n\t\t\t\t\t<\/div>\n\t\t\t\t<\/div>\n\t\t\t\t<\/div>\n\t\t","protected":false},"excerpt":{"rendered":"<p>Nous sommes engag\u00e9s \u00e0 promouvoir l&rsquo;\u00e9quit\u00e9, la diversit\u00e9 et l&rsquo;inclusion dans le sport Visitez la page de la conf\u00e9rence sur la diversit\u00e9 dans le sport 2026 La conf\u00e9rence sur la diversit\u00e9 dans le sport, pr\u00e9sent\u00e9e par Inclusion dans le r\u00e9seau sportif canadien (IRSC) est consacr\u00e9e \u00e0 la promotion de l\u2019\u00e9quit\u00e9, de la diversit\u00e9 et de [&hellip;]<\/p>\n","protected":false},"author":1,"featured_media":0,"parent":0,"menu_order":0,"comment_status":"closed","ping_status":"closed","template":"elementor_header_footer","meta":{"_acf_changed":false,"footnotes":""},"class_list":["post-4902","page","type-page","status-publish","hentry"],"acf":[],"_links":{"self":[{"href":"https:\/\/inclusionincanadiansports.ca\/fr\/wp-json\/wp\/v2\/pages\/4902","targetHints":{"allow":["GET"]}}],"collection":[{"href":"https:\/\/inclusionincanadiansports.ca\/fr\/wp-json\/wp\/v2\/pages"}],"about":[{"href":"https:\/\/inclusionincanadiansports.ca\/fr\/wp-json\/wp\/v2\/types\/page"}],"author":[{"embeddable":true,"href":"https:\/\/inclusionincanadiansports.ca\/fr\/wp-json\/wp\/v2\/users\/1"}],"replies":[{"embeddable":true,"href":"https:\/\/inclusionincanadiansports.ca\/fr\/wp-json\/wp\/v2\/comments?post=4902"}],"version-history":[{"count":13,"href":"https:\/\/inclusionincanadiansports.ca\/fr\/wp-json\/wp\/v2\/pages\/4902\/revisions"}],"predecessor-version":[{"id":11372,"href":"https:\/\/inclusionincanadiansports.ca\/fr\/wp-json\/wp\/v2\/pages\/4902\/revisions\/11372"}],"wp:attachment":[{"href":"https:\/\/inclusionincanadiansports.ca\/fr\/wp-json\/wp\/v2\/media?parent=4902"}],"curies":[{"name":"wp","href":"https:\/\/api.w.org\/{rel}","templated":true}]}}