{"id":4685,"date":"2024-05-15T22:59:19","date_gmt":"2024-05-16T02:59:19","guid":{"rendered":"https:\/\/inclusionincanadiansports.ca\/programme-de-mentorat-pandc-annee-1\/"},"modified":"2026-04-14T19:07:26","modified_gmt":"2026-04-14T23:07:26","slug":"programme-de-mentorat-pandc-annee-1","status":"publish","type":"page","link":"https:\/\/inclusionincanadiansports.ca\/fr\/programme-de-mentorat-pandc-annee-1\/","title":{"rendered":"Programme de mentorat PANDC"},"content":{"rendered":"\t\t<div data-elementor-type=\"wp-page\" data-elementor-id=\"4685\" class=\"elementor elementor-4685 elementor-4501\" data-elementor-post-type=\"page\">\n\t\t\t\t<div class=\"elementor-element elementor-element-33358eb e-flex e-con-boxed e-con e-parent\" data-id=\"33358eb\" data-element_type=\"container\" data-e-type=\"container\" data-settings=\"{&quot;background_background&quot;:&quot;classic&quot;,&quot;jet_parallax_layout_list&quot;:[]}\">\n\t\t\t\t\t<div class=\"e-con-inner\">\n\t\t\t\t<div class=\"elementor-element elementor-element-2211cf1 elementor-widget elementor-widget-image\" data-id=\"2211cf1\" data-element_type=\"widget\" data-e-type=\"widget\" data-widget_type=\"image.default\">\n\t\t\t\t<div class=\"elementor-widget-container\">\n\t\t\t\t\t\t\t\t\t\t\t\t\t\t\t<img fetchpriority=\"high\" decoding=\"async\" width=\"1024\" height=\"1024\" src=\"https:\/\/inclusionincanadiansports.ca\/wp-content\/uploads\/2024\/07\/16-1024x1024.png\" class=\"attachment-large size-large wp-image-5245\" alt=\"\" srcset=\"https:\/\/inclusionincanadiansports.ca\/wp-content\/uploads\/2024\/07\/16-1024x1024.png 1024w, https:\/\/inclusionincanadiansports.ca\/wp-content\/uploads\/2024\/07\/16-300x300.png 300w, https:\/\/inclusionincanadiansports.ca\/wp-content\/uploads\/2024\/07\/16-150x150.png 150w, https:\/\/inclusionincanadiansports.ca\/wp-content\/uploads\/2024\/07\/16-768x768.png 768w, https:\/\/inclusionincanadiansports.ca\/wp-content\/uploads\/2024\/07\/16-500x500.png 500w, https:\/\/inclusionincanadiansports.ca\/wp-content\/uploads\/2024\/07\/16.png 1125w\" sizes=\"(max-width: 1024px) 100vw, 1024px\" \/>\t\t\t\t\t\t\t\t\t\t\t\t\t\t\t<\/div>\n\t\t\t\t<\/div>\n\t\t\t\t\t<\/div>\n\t\t\t\t<\/div>\n\t\t<div class=\"elementor-element elementor-element-4968064 e-flex e-con-boxed e-con e-parent\" data-id=\"4968064\" data-element_type=\"container\" data-e-type=\"container\" data-settings=\"{&quot;jet_parallax_layout_list&quot;:[]}\">\n\t\t\t\t\t<div class=\"e-con-inner\">\n\t\t\t\t<div class=\"elementor-element elementor-element-3eb491e elementor-widget__width-inherit elementor-widget elementor-widget-heading\" data-id=\"3eb491e\" data-element_type=\"widget\" data-e-type=\"widget\" data-widget_type=\"heading.default\">\n\t\t\t\t<div class=\"elementor-widget-container\">\n\t\t\t\t\t<h2 class=\"elementor-heading-title elementor-size-default\">\u00c0 PROPOS DU PROGRAMME<\/h2>\t\t\t\t<\/div>\n\t\t\t\t<\/div>\n\t\t\t\t<div class=\"elementor-element elementor-element-05a5bb9 elementor-widget__width-initial elementor-widget-laptop__width-inherit elementor-widget-tablet__width-inherit elementor-widget elementor-widget-text-editor\" data-id=\"05a5bb9\" data-element_type=\"widget\" data-e-type=\"widget\" data-widget_type=\"text-editor.default\">\n\t\t\t\t<div class=\"elementor-widget-container\">\n\t\t\t\t\t\t\t\t\t<p>Le programme de mentorat PANDC est une initiative nationale visant \u00e0 accro\u00eetre la repr\u00e9sentation et \u00e0 offrir des possibilit\u00e9s de leadership concr\u00e8tes aux personnes autochtones, noires et de couleur (PANDC) au sein du syst\u00e8me sportif canadien.<\/p>\t\t\t\t\t\t\t\t<\/div>\n\t\t\t\t<\/div>\n\t\t\t\t<div class=\"elementor-element elementor-element-e12b495 elementor-widget__width-initial elementor-widget-tablet__width-inherit elementor-widget elementor-widget-text-editor\" data-id=\"e12b495\" data-element_type=\"widget\" data-e-type=\"widget\" data-widget_type=\"text-editor.default\">\n\t\t\t\t<div class=\"elementor-widget-container\">\n\t\t\t\t\t\t\t\t\t<p>Gr\u00e2ce \u00e0 un mod\u00e8le de mentorat structur\u00e9, les participants sont jumel\u00e9s \u00e0 des professionnels exp\u00e9riment\u00e9s du milieu sportif qui leur apportent conseils, soutien et perspectives pour orienter leur carri\u00e8re dans le domaine du sport. Le programme accompagne des personnes issues d\u2019un large \u00e9ventail de secteurs, notamment le coaching, l\u2019administration, la gestion du sport et les sciences du sport. <\/p><p>En favorisant des relations enrichissantes et en offrant un acc\u00e8s \u00e0 des possibilit\u00e9s de d\u00e9veloppement professionnel, le programme constitue un vivier solide et diversifi\u00e9 de futurs leaders du sport canadien.<\/p>\t\t\t\t\t\t\t\t<\/div>\n\t\t\t\t<\/div>\n\t\t\t\t\t<\/div>\n\t\t\t\t<\/div>\n\t\t<div class=\"elementor-element elementor-element-60fd1c0 e-flex e-con-boxed e-con e-parent\" data-id=\"60fd1c0\" data-element_type=\"container\" data-e-type=\"container\" data-settings=\"{&quot;jet_parallax_layout_list&quot;:[],&quot;background_background&quot;:&quot;classic&quot;}\">\n\t\t\t\t\t<div class=\"e-con-inner\">\n\t\t\t\t<div class=\"elementor-element elementor-element-e56bf3d elementor-widget__width-initial elementor-widget-mobile__width-inherit elementor-widget elementor-widget-image\" data-id=\"e56bf3d\" data-element_type=\"widget\" data-e-type=\"widget\" data-widget_type=\"image.default\">\n\t\t\t\t<div class=\"elementor-widget-container\">\n\t\t\t\t\t\t\t\t\t\t\t\t\t\t\t\t<a href=\"https:\/\/inclusionincanadiansports.ca\/wp-content\/uploads\/2025\/06\/bipoc-mentorship-VANESSA-MALAYA-FR2.jpg\" data-elementor-open-lightbox=\"yes\" data-elementor-lightbox-title=\"bipoc-mentorship-VANESSA-MALAYA-EN2\" data-e-action-hash=\"#elementor-action%3Aaction%3Dlightbox%26settings%3DeyJpZCI6ODM3OCwidXJsIjoiaHR0cHM6XC9cL2luY2x1c2lvbmluY2FuYWRpYW5zcG9ydHMuY2FcL3dwLWNvbnRlbnRcL3VwbG9hZHNcLzIwMjVcLzA2XC9iaXBvYy1tZW50b3JzaGlwLVZBTkVTU0EtTUFMQVlBLUZSMi5qcGcifQ%3D%3D\">\n\t\t\t\t\t\t\t<img decoding=\"async\" width=\"1080\" height=\"1350\" src=\"https:\/\/inclusionincanadiansports.ca\/wp-content\/uploads\/2025\/06\/bipoc-mentorship-VANESSA-MALAYA-FR2.jpg\" class=\"attachment-full size-full wp-image-8378\" alt=\"\" srcset=\"https:\/\/inclusionincanadiansports.ca\/wp-content\/uploads\/2025\/06\/bipoc-mentorship-VANESSA-MALAYA-FR2.jpg 1080w, https:\/\/inclusionincanadiansports.ca\/wp-content\/uploads\/2025\/06\/bipoc-mentorship-VANESSA-MALAYA-FR2-240x300.jpg 240w, https:\/\/inclusionincanadiansports.ca\/wp-content\/uploads\/2025\/06\/bipoc-mentorship-VANESSA-MALAYA-FR2-819x1024.jpg 819w, https:\/\/inclusionincanadiansports.ca\/wp-content\/uploads\/2025\/06\/bipoc-mentorship-VANESSA-MALAYA-FR2-768x960.jpg 768w\" sizes=\"(max-width: 1080px) 100vw, 1080px\" \/>\t\t\t\t\t\t\t\t<\/a>\n\t\t\t\t\t\t\t\t\t\t\t\t\t\t\t<\/div>\n\t\t\t\t<\/div>\n\t\t\t\t<div class=\"elementor-element elementor-element-8970c54 elementor-widget__width-initial elementor-widget-mobile__width-inherit elementor-widget elementor-widget-image\" data-id=\"8970c54\" data-element_type=\"widget\" data-e-type=\"widget\" data-widget_type=\"image.default\">\n\t\t\t\t<div class=\"elementor-widget-container\">\n\t\t\t\t\t\t\t\t\t\t\t\t\t\t\t\t<a href=\"https:\/\/inclusionincanadiansports.ca\/wp-content\/uploads\/2025\/06\/bipoc-mentorship-4.jpg\" data-elementor-open-lightbox=\"yes\" data-elementor-lightbox-title=\"bipoc-mentorship-3\" data-e-action-hash=\"#elementor-action%3Aaction%3Dlightbox%26settings%3DeyJpZCI6ODM3MiwidXJsIjoiaHR0cHM6XC9cL2luY2x1c2lvbmluY2FuYWRpYW5zcG9ydHMuY2FcL3dwLWNvbnRlbnRcL3VwbG9hZHNcLzIwMjVcLzA2XC9iaXBvYy1tZW50b3JzaGlwLTQuanBnIn0%3D\">\n\t\t\t\t\t\t\t<img decoding=\"async\" width=\"819\" height=\"1024\" src=\"https:\/\/inclusionincanadiansports.ca\/wp-content\/uploads\/2025\/06\/bipoc-mentorship-4-819x1024.jpg\" class=\"attachment-large size-large wp-image-8372\" alt=\"\" srcset=\"https:\/\/inclusionincanadiansports.ca\/wp-content\/uploads\/2025\/06\/bipoc-mentorship-4-819x1024.jpg 819w, https:\/\/inclusionincanadiansports.ca\/wp-content\/uploads\/2025\/06\/bipoc-mentorship-4-240x300.jpg 240w, https:\/\/inclusionincanadiansports.ca\/wp-content\/uploads\/2025\/06\/bipoc-mentorship-4-768x960.jpg 768w, https:\/\/inclusionincanadiansports.ca\/wp-content\/uploads\/2025\/06\/bipoc-mentorship-4.jpg 1080w\" sizes=\"(max-width: 819px) 100vw, 819px\" \/>\t\t\t\t\t\t\t\t<\/a>\n\t\t\t\t\t\t\t\t\t\t\t\t\t\t\t<\/div>\n\t\t\t\t<\/div>\n\t\t\t\t<div class=\"elementor-element elementor-element-65b1c90 elementor-widget__width-inherit elementor-widget elementor-widget-heading\" data-id=\"65b1c90\" data-element_type=\"widget\" data-e-type=\"widget\" data-widget_type=\"heading.default\">\n\t\t\t\t<div class=\"elementor-widget-container\">\n\t\t\t\t\t<h2 class=\"elementor-heading-title elementor-size-default\">Points forts du programme<\/h2>\t\t\t\t<\/div>\n\t\t\t\t<\/div>\n\t\t\t\t<div class=\"elementor-element elementor-element-5f62775 elementor-widget__width-initial elementor-widget-mobile__width-inherit elementor-widget elementor-widget-icon-box\" data-id=\"5f62775\" data-element_type=\"widget\" data-e-type=\"widget\" data-widget_type=\"icon-box.default\">\n\t\t\t\t<div class=\"elementor-widget-container\">\n\t\t\t\t\t\t\t<div class=\"elementor-icon-box-wrapper\">\n\n\t\t\t\n\t\t\t\t\t\t<div class=\"elementor-icon-box-content\">\n\n\t\t\t\t\t\t\t\t\t<h3 class=\"elementor-icon-box-title\">\n\t\t\t\t\t\t<span  >\n\t\t\t\t\t\t\tMentorat individualis\u00e9\t\t\t\t\t\t<\/span>\n\t\t\t\t\t<\/h3>\n\t\t\t\t\n\t\t\t\t\t\t\t\t\t<p class=\"elementor-icon-box-description\">\n\t\t\t\t\t\t\u00c9changez avec des professionnels exp\u00e9riment\u00e9s pour b\u00e9n\u00e9ficier de conseils personnalis\u00e9s et d'un accompagnement professionnel.\t\t\t\t\t<\/p>\n\t\t\t\t\n\t\t\t<\/div>\n\t\t\t\n\t\t<\/div>\n\t\t\t\t\t\t<\/div>\n\t\t\t\t<\/div>\n\t\t\t\t<div class=\"elementor-element elementor-element-8c2457d elementor-widget__width-initial elementor-widget-mobile__width-inherit elementor-widget elementor-widget-icon-box\" data-id=\"8c2457d\" data-element_type=\"widget\" data-e-type=\"widget\" data-widget_type=\"icon-box.default\">\n\t\t\t\t<div class=\"elementor-widget-container\">\n\t\t\t\t\t\t\t<div class=\"elementor-icon-box-wrapper\">\n\n\t\t\t\n\t\t\t\t\t\t<div class=\"elementor-icon-box-content\">\n\n\t\t\t\t\t\t\t\t\t<h3 class=\"elementor-icon-box-title\">\n\t\t\t\t\t\t<span  >\n\t\t\t\t\t\t\tD\u00e9veloppement professionnel\t\t\t\t\t\t<\/span>\n\t\t\t\t\t<\/h3>\n\t\t\t\t\n\t\t\t\t\t\t\t\t\t<p class=\"elementor-icon-box-description\">\n\t\t\t\t\t\tParticipez \u00e0 des ateliers et des \u00e9v\u00e8nements professionnels, obtenez des certifications pour d\u00e9velopper vos comp\u00e9tences et vos connaissances.\t\t\t\t\t<\/p>\n\t\t\t\t\n\t\t\t<\/div>\n\t\t\t\n\t\t<\/div>\n\t\t\t\t\t\t<\/div>\n\t\t\t\t<\/div>\n\t\t\t\t<div class=\"elementor-element elementor-element-b401791 elementor-widget__width-initial elementor-widget-mobile__width-inherit elementor-widget elementor-widget-icon-box\" data-id=\"b401791\" data-element_type=\"widget\" data-e-type=\"widget\" data-widget_type=\"icon-box.default\">\n\t\t\t\t<div class=\"elementor-widget-container\">\n\t\t\t\t\t\t\t<div class=\"elementor-icon-box-wrapper\">\n\n\t\t\t\n\t\t\t\t\t\t<div class=\"elementor-icon-box-content\">\n\n\t\t\t\t\t\t\t\t\t<h3 class=\"elementor-icon-box-title\">\n\t\t\t\t\t\t<span  >\n\t\t\t\t\t\t\tD\u00e9couverte de parcours professionnels\t\t\t\t\t\t<\/span>\n\t\t\t\t\t<\/h3>\n\t\t\t\t\n\t\t\t\t\t\t\t\t\t<p class=\"elementor-icon-box-description\">\n\t\t\t\t\t\tD\u00e9couvrez les possibilit\u00e9s offertes dans divers secteurs de l'industrie du sport.\t\t\t\t\t<\/p>\n\t\t\t\t\n\t\t\t<\/div>\n\t\t\t\n\t\t<\/div>\n\t\t\t\t\t\t<\/div>\n\t\t\t\t<\/div>\n\t\t\t\t<div class=\"elementor-element elementor-element-a517d90 elementor-widget__width-initial elementor-widget-mobile__width-inherit elementor-widget elementor-widget-icon-box\" data-id=\"a517d90\" data-element_type=\"widget\" data-e-type=\"widget\" data-widget_type=\"icon-box.default\">\n\t\t\t\t<div class=\"elementor-widget-container\">\n\t\t\t\t\t\t\t<div class=\"elementor-icon-box-wrapper\">\n\n\t\t\t\n\t\t\t\t\t\t<div class=\"elementor-icon-box-content\">\n\n\t\t\t\t\t\t\t\t\t<h3 class=\"elementor-icon-box-title\">\n\t\t\t\t\t\t<span  >\n\t\t\t\t\t\t\tPossibilit\u00e9s de r\u00e9seautage\t\t\t\t\t\t<\/span>\n\t\t\t\t\t<\/h3>\n\t\t\t\t\n\t\t\t\t\t\t\t\t\t<p class=\"elementor-icon-box-description\">\n\t\t\t\t\t\tCr\u00e9er des liens avec des leaders du sport, des organisations et d'autres professionnels \u00e9mergents.\t\t\t\t\t<\/p>\n\t\t\t\t\n\t\t\t<\/div>\n\t\t\t\n\t\t<\/div>\n\t\t\t\t\t\t<\/div>\n\t\t\t\t<\/div>\n\t\t\t\t<div class=\"elementor-element elementor-element-1b653fc elementor-widget__width-initial elementor-widget-mobile__width-inherit elementor-widget elementor-widget-icon-box\" data-id=\"1b653fc\" data-element_type=\"widget\" data-e-type=\"widget\" data-widget_type=\"icon-box.default\">\n\t\t\t\t<div class=\"elementor-widget-container\">\n\t\t\t\t\t\t\t<div class=\"elementor-icon-box-wrapper\">\n\n\t\t\t\n\t\t\t\t\t\t<div class=\"elementor-icon-box-content\">\n\n\t\t\t\t\t\t\t\t\t<h3 class=\"elementor-icon-box-title\">\n\t\t\t\t\t\t<span  >\n\t\t\t\t\t\t\tD\u00e9veloppement du leadership\t\t\t\t\t\t<\/span>\n\t\t\t\t\t<\/h3>\n\t\t\t\t\n\t\t\t\t\t\t\t\t\t<p class=\"elementor-icon-box-description\">\n\t\t\t\t\t\tAcqu\u00e9rez la confiance et les outils n\u00e9cessaires pour acc\u00e9der \u00e0 des postes de leadership.\t\t\t\t\t<\/p>\n\t\t\t\t\n\t\t\t<\/div>\n\t\t\t\n\t\t<\/div>\n\t\t\t\t\t\t<\/div>\n\t\t\t\t<\/div>\n\t\t\t\t<div class=\"elementor-element elementor-element-fa48755 elementor-widget__width-initial elementor-widget-mobile__width-inherit elementor-widget elementor-widget-icon-box\" data-id=\"fa48755\" data-element_type=\"widget\" data-e-type=\"widget\" data-widget_type=\"icon-box.default\">\n\t\t\t\t<div class=\"elementor-widget-container\">\n\t\t\t\t\t\t\t<div class=\"elementor-icon-box-wrapper\">\n\n\t\t\t\n\t\t\t\t\t\t<div class=\"elementor-icon-box-content\">\n\n\t\t\t\t\t\t\t\t\t<h3 class=\"elementor-icon-box-title\">\n\t\t\t\t\t\t<span  >\n\t\t\t\t\t\t\tAnimation du programme\t\t\t\t\t\t<\/span>\n\t\t\t\t\t<\/h3>\n\t\t\t\t\n\t\t\t\t\t\t\t\t\t<p class=\"elementor-icon-box-description\">\n\t\t\t\t\t\tLe programme est propos\u00e9 en collaboration avec des organisations sportives, des leaders du secteur et des partenaires communautaires de partout au Canada qui s'engagent \u00e0 promouvoir l'\u00e9quit\u00e9 et la repr\u00e9sentation dans le sport.\t\t\t\t\t<\/p>\n\t\t\t\t\n\t\t\t<\/div>\n\t\t\t\n\t\t<\/div>\n\t\t\t\t\t\t<\/div>\n\t\t\t\t<\/div>\n\t\t\t\t<div class=\"elementor-element elementor-element-cd0adbc elementor-widget-mobile__width-inherit elementor-widget elementor-widget-icon-box\" data-id=\"cd0adbc\" data-element_type=\"widget\" data-e-type=\"widget\" data-widget_type=\"icon-box.default\">\n\t\t\t\t<div class=\"elementor-widget-container\">\n\t\t\t\t\t\t\t<div class=\"elementor-icon-box-wrapper\">\n\n\t\t\t\n\t\t\t\t\t\t<div class=\"elementor-icon-box-content\">\n\n\t\t\t\t\t\t\t\t\t<h3 class=\"elementor-icon-box-title\">\n\t\t\t\t\t\t<span  >\n\t\t\t\t\t\t\tImpact\t\t\t\t\t\t<\/span>\n\t\t\t\t\t<\/h3>\n\t\t\t\t\n\t\t\t\t\t\t\t\t\t<p class=\"elementor-icon-box-description\">\n\t\t\t\t\t\tLe programme de mentorat PANDC continue de cr\u00e9er des relations enrichissantes et des parcours professionnels, favorisant ainsi le d\u00e9veloppement de leaders issus de la diversit\u00e9 \u00e0 tous les niveaux du syst\u00e8me sportif canadien.\t\t\t\t\t<\/p>\n\t\t\t\t\n\t\t\t<\/div>\n\t\t\t\n\t\t<\/div>\n\t\t\t\t\t\t<\/div>\n\t\t\t\t<\/div>\n\t\t\t\t<div class=\"elementor-element elementor-element-5ae91ef elementor-widget__width-initial elementor-widget-mobile__width-inherit elementor-widget elementor-widget-image\" data-id=\"5ae91ef\" data-element_type=\"widget\" data-e-type=\"widget\" data-widget_type=\"image.default\">\n\t\t\t\t<div class=\"elementor-widget-container\">\n\t\t\t\t\t\t\t\t\t\t\t\t\t\t\t\t<a href=\"https:\/\/inclusionincanadiansports.ca\/wp-content\/uploads\/2025\/06\/bipoc-mentorship-KARIN-FR-edit.jpg\" data-elementor-open-lightbox=\"yes\" data-elementor-lightbox-title=\"bipoc-mentorship-KARIN-EN-edit\" data-e-action-hash=\"#elementor-action%3Aaction%3Dlightbox%26settings%3DeyJpZCI6ODM4MSwidXJsIjoiaHR0cHM6XC9cL2luY2x1c2lvbmluY2FuYWRpYW5zcG9ydHMuY2FcL3dwLWNvbnRlbnRcL3VwbG9hZHNcLzIwMjVcLzA2XC9iaXBvYy1tZW50b3JzaGlwLUtBUklOLUZSLWVkaXQuanBnIn0%3D\">\n\t\t\t\t\t\t\t<img loading=\"lazy\" decoding=\"async\" width=\"1080\" height=\"1350\" src=\"https:\/\/inclusionincanadiansports.ca\/wp-content\/uploads\/2025\/06\/bipoc-mentorship-KARIN-FR-edit.jpg\" class=\"attachment-full size-full wp-image-8381\" alt=\"\" srcset=\"https:\/\/inclusionincanadiansports.ca\/wp-content\/uploads\/2025\/06\/bipoc-mentorship-KARIN-FR-edit.jpg 1080w, https:\/\/inclusionincanadiansports.ca\/wp-content\/uploads\/2025\/06\/bipoc-mentorship-KARIN-FR-edit-240x300.jpg 240w, https:\/\/inclusionincanadiansports.ca\/wp-content\/uploads\/2025\/06\/bipoc-mentorship-KARIN-FR-edit-819x1024.jpg 819w, https:\/\/inclusionincanadiansports.ca\/wp-content\/uploads\/2025\/06\/bipoc-mentorship-KARIN-FR-edit-768x960.jpg 768w\" sizes=\"(max-width: 1080px) 100vw, 1080px\" \/>\t\t\t\t\t\t\t\t<\/a>\n\t\t\t\t\t\t\t\t\t\t\t\t\t\t\t<\/div>\n\t\t\t\t<\/div>\n\t\t\t\t<div class=\"elementor-element elementor-element-b51c394 elementor-widget__width-initial elementor-widget-mobile__width-inherit elementor-widget elementor-widget-image\" data-id=\"b51c394\" data-element_type=\"widget\" data-e-type=\"widget\" data-widget_type=\"image.default\">\n\t\t\t\t<div class=\"elementor-widget-container\">\n\t\t\t\t\t\t\t\t\t\t\t\t\t\t\t\t<a href=\"https:\/\/inclusionincanadiansports.ca\/wp-content\/uploads\/2025\/06\/bipoc-mentorship-VANESSA-MALAYA-FR1.jpg\" data-elementor-open-lightbox=\"yes\" data-elementor-lightbox-title=\"bipoc-mentorship-VANESSA-MALAYA-EN1\" data-e-action-hash=\"#elementor-action%3Aaction%3Dlightbox%26settings%3DeyJpZCI6ODM3NiwidXJsIjoiaHR0cHM6XC9cL2luY2x1c2lvbmluY2FuYWRpYW5zcG9ydHMuY2FcL3dwLWNvbnRlbnRcL3VwbG9hZHNcLzIwMjVcLzA2XC9iaXBvYy1tZW50b3JzaGlwLVZBTkVTU0EtTUFMQVlBLUZSMS5qcGcifQ%3D%3D\">\n\t\t\t\t\t\t\t<img loading=\"lazy\" decoding=\"async\" width=\"1080\" height=\"1350\" src=\"https:\/\/inclusionincanadiansports.ca\/wp-content\/uploads\/2025\/06\/bipoc-mentorship-VANESSA-MALAYA-FR1.jpg\" class=\"attachment-full size-full wp-image-8376\" alt=\"\" srcset=\"https:\/\/inclusionincanadiansports.ca\/wp-content\/uploads\/2025\/06\/bipoc-mentorship-VANESSA-MALAYA-FR1.jpg 1080w, https:\/\/inclusionincanadiansports.ca\/wp-content\/uploads\/2025\/06\/bipoc-mentorship-VANESSA-MALAYA-FR1-240x300.jpg 240w, https:\/\/inclusionincanadiansports.ca\/wp-content\/uploads\/2025\/06\/bipoc-mentorship-VANESSA-MALAYA-FR1-819x1024.jpg 819w, https:\/\/inclusionincanadiansports.ca\/wp-content\/uploads\/2025\/06\/bipoc-mentorship-VANESSA-MALAYA-FR1-768x960.jpg 768w\" sizes=\"(max-width: 1080px) 100vw, 1080px\" \/>\t\t\t\t\t\t\t\t<\/a>\n\t\t\t\t\t\t\t\t\t\t\t\t\t\t\t<\/div>\n\t\t\t\t<\/div>\n\t\t\t\t<div class=\"elementor-element elementor-element-8184bf2 elementor-widget__width-inherit elementor-widget elementor-widget-spacer\" data-id=\"8184bf2\" data-element_type=\"widget\" data-e-type=\"widget\" data-widget_type=\"spacer.default\">\n\t\t\t\t<div class=\"elementor-widget-container\">\n\t\t\t\t\t\t\t<div class=\"elementor-spacer\">\n\t\t\t<div class=\"elementor-spacer-inner\"><\/div>\n\t\t<\/div>\n\t\t\t\t\t\t<\/div>\n\t\t\t\t<\/div>\n\t\t\t\t\t<\/div>\n\t\t\t\t<\/div>\n\t\t<div class=\"elementor-element elementor-element-5214dec e-flex e-con-boxed e-con e-parent\" data-id=\"5214dec\" data-element_type=\"container\" data-e-type=\"container\" data-settings=\"{&quot;jet_parallax_layout_list&quot;:[]}\">\n\t\t\t\t\t<div class=\"e-con-inner\">\n\t\t\t\t<div class=\"elementor-element elementor-element-aacecd8 elementor-widget elementor-widget-image\" data-id=\"aacecd8\" data-element_type=\"widget\" data-e-type=\"widget\" data-widget_type=\"image.default\">\n\t\t\t\t<div class=\"elementor-widget-container\">\n\t\t\t\t\t\t\t\t\t\t\t\t\t\t\t\t<a href=\"https:\/\/inclusionincanadiansports.ca\/wp-content\/uploads\/2026\/04\/BIPOC-Mentorship-Program-Overview-FR.jpg\" data-elementor-open-lightbox=\"yes\" data-elementor-lightbox-title=\"BIPOC-Mentorship-Program-Overview-FR\" data-e-action-hash=\"#elementor-action%3Aaction%3Dlightbox%26settings%3DeyJpZCI6MTE1NDYsInVybCI6Imh0dHBzOlwvXC9pbmNsdXNpb25pbmNhbmFkaWFuc3BvcnRzLmNhXC93cC1jb250ZW50XC91cGxvYWRzXC8yMDI2XC8wNFwvQklQT0MtTWVudG9yc2hpcC1Qcm9ncmFtLU92ZXJ2aWV3LUZSLmpwZyJ9\">\n\t\t\t\t\t\t\t<img loading=\"lazy\" decoding=\"async\" width=\"1000\" height=\"1225\" src=\"https:\/\/inclusionincanadiansports.ca\/wp-content\/uploads\/2026\/04\/BIPOC-Mentorship-Program-Overview-FR.jpg\" class=\"attachment-full size-full wp-image-11546\" alt=\"\" srcset=\"https:\/\/inclusionincanadiansports.ca\/wp-content\/uploads\/2026\/04\/BIPOC-Mentorship-Program-Overview-FR.jpg 1000w, https:\/\/inclusionincanadiansports.ca\/wp-content\/uploads\/2026\/04\/BIPOC-Mentorship-Program-Overview-FR-245x300.jpg 245w, https:\/\/inclusionincanadiansports.ca\/wp-content\/uploads\/2026\/04\/BIPOC-Mentorship-Program-Overview-FR-836x1024.jpg 836w, https:\/\/inclusionincanadiansports.ca\/wp-content\/uploads\/2026\/04\/BIPOC-Mentorship-Program-Overview-FR-768x941.jpg 768w\" sizes=\"(max-width: 1000px) 100vw, 1000px\" \/>\t\t\t\t\t\t\t\t<\/a>\n\t\t\t\t\t\t\t\t\t\t\t\t\t\t\t<\/div>\n\t\t\t\t<\/div>\n\t\t\t\t\t<\/div>\n\t\t\t\t<\/div>\n\t\t<div class=\"elementor-element elementor-element-128585f e-flex e-con-boxed e-con e-parent\" data-id=\"128585f\" data-element_type=\"container\" data-e-type=\"container\" data-settings=\"{&quot;background_background&quot;:&quot;classic&quot;,&quot;jet_parallax_layout_list&quot;:[]}\">\n\t\t\t\t\t<div class=\"e-con-inner\">\n\t\t\t\t<div class=\"elementor-element elementor-element-ff2fe17 elementor-widget__width-inherit elementor-widget elementor-widget-heading\" data-id=\"ff2fe17\" data-element_type=\"widget\" data-e-type=\"widget\" data-widget_type=\"heading.default\">\n\t\t\t\t<div class=\"elementor-widget-container\">\n\t\t\t\t\t<h2 class=\"elementor-heading-title elementor-size-default\">Impliquez-vous<\/h2>\t\t\t\t<\/div>\n\t\t\t\t<\/div>\n\t\t\t\t<div class=\"elementor-element elementor-element-32d653d elementor-widget elementor-widget-text-editor\" data-id=\"32d653d\" data-element_type=\"widget\" data-e-type=\"widget\" data-widget_type=\"text-editor.default\">\n\t\t\t\t<div class=\"elementor-widget-container\">\n\t\t\t\t\t\t\t\t\t<p>Pour plus d\u2019informations sur le programme de mentorat PANDC ou pour savoir comment vous impliquer, veuillez contacter : <span style=\"text-decoration: underline;\"><a href=\"mailto:programs@inclusionincanadiansports.ca\">programs@inclusionincanadiansports.ca<\/a><\/span><\/p>\t\t\t\t\t\t\t\t<\/div>\n\t\t\t\t<\/div>\n\t\t\t\t\t<\/div>\n\t\t\t\t<\/div>\n\t\t\t\t<\/div>\n\t\t","protected":false},"excerpt":{"rendered":"<p>\u00c0 PROPOS DU PROGRAMME Le programme de mentorat PANDC est une initiative nationale visant \u00e0 accro\u00eetre la repr\u00e9sentation et \u00e0 offrir des possibilit\u00e9s de leadership concr\u00e8tes aux personnes autochtones, noires et de couleur (PANDC) au sein du syst\u00e8me sportif canadien. Gr\u00e2ce \u00e0 un mod\u00e8le de mentorat structur\u00e9, les participants sont jumel\u00e9s \u00e0 des professionnels exp\u00e9riment\u00e9s [&hellip;]<\/p>\n","protected":false},"author":1,"featured_media":0,"parent":0,"menu_order":0,"comment_status":"closed","ping_status":"closed","template":"elementor_header_footer","meta":{"_acf_changed":false,"footnotes":""},"class_list":["post-4685","page","type-page","status-publish","hentry"],"acf":[],"_links":{"self":[{"href":"https:\/\/inclusionincanadiansports.ca\/fr\/wp-json\/wp\/v2\/pages\/4685","targetHints":{"allow":["GET"]}}],"collection":[{"href":"https:\/\/inclusionincanadiansports.ca\/fr\/wp-json\/wp\/v2\/pages"}],"about":[{"href":"https:\/\/inclusionincanadiansports.ca\/fr\/wp-json\/wp\/v2\/types\/page"}],"author":[{"embeddable":true,"href":"https:\/\/inclusionincanadiansports.ca\/fr\/wp-json\/wp\/v2\/users\/1"}],"replies":[{"embeddable":true,"href":"https:\/\/inclusionincanadiansports.ca\/fr\/wp-json\/wp\/v2\/comments?post=4685"}],"version-history":[{"count":39,"href":"https:\/\/inclusionincanadiansports.ca\/fr\/wp-json\/wp\/v2\/pages\/4685\/revisions"}],"predecessor-version":[{"id":11547,"href":"https:\/\/inclusionincanadiansports.ca\/fr\/wp-json\/wp\/v2\/pages\/4685\/revisions\/11547"}],"wp:attachment":[{"href":"https:\/\/inclusionincanadiansports.ca\/fr\/wp-json\/wp\/v2\/media?parent=4685"}],"curies":[{"name":"wp","href":"https:\/\/api.w.org\/{rel}","templated":true}]}}