{"id":10536,"date":"2025-12-11T12:54:29","date_gmt":"2025-12-11T17:54:29","guid":{"rendered":"https:\/\/inclusionincanadiansports.ca\/nos-politiques\/"},"modified":"2026-02-03T15:49:13","modified_gmt":"2026-02-03T20:49:13","slug":"nos-politiques","status":"publish","type":"page","link":"https:\/\/inclusionincanadiansports.ca\/fr\/nos-politiques\/","title":{"rendered":"Nos politiques"},"content":{"rendered":"\t\t<div data-elementor-type=\"wp-page\" data-elementor-id=\"10536\" class=\"elementor elementor-10536 elementor-10166\" data-elementor-post-type=\"page\">\n\t\t\t\t<div class=\"elementor-element elementor-element-be271a2 e-flex e-con-boxed e-con e-parent\" data-id=\"be271a2\" data-element_type=\"container\" data-e-type=\"container\" data-settings=\"{&quot;jet_parallax_layout_list&quot;:[{&quot;jet_parallax_layout_image&quot;:{&quot;url&quot;:&quot;&quot;,&quot;id&quot;:&quot;&quot;,&quot;size&quot;:&quot;&quot;},&quot;_id&quot;:&quot;ddc42f2&quot;,&quot;jet_parallax_layout_speed&quot;:{&quot;unit&quot;:&quot;%&quot;,&quot;size&quot;:&quot;50&quot;,&quot;sizes&quot;:[]},&quot;jet_parallax_layout_bg_x&quot;:&quot;50&quot;,&quot;jet_parallax_layout_bg_y&quot;:&quot;50&quot;,&quot;jet_parallax_layout_image_tablet&quot;:{&quot;url&quot;:&quot;&quot;,&quot;id&quot;:&quot;&quot;,&quot;size&quot;:&quot;&quot;},&quot;jet_parallax_layout_image_mobile&quot;:{&quot;url&quot;:&quot;&quot;,&quot;id&quot;:&quot;&quot;,&quot;size&quot;:&quot;&quot;},&quot;jet_parallax_layout_image_laptop&quot;:{&quot;url&quot;:&quot;&quot;,&quot;id&quot;:&quot;&quot;,&quot;size&quot;:&quot;&quot;},&quot;jet_parallax_layout_type&quot;:&quot;scroll&quot;,&quot;jet_parallax_layout_direction&quot;:&quot;1&quot;,&quot;jet_parallax_layout_fx_direction&quot;:null,&quot;jet_parallax_layout_z_index&quot;:&quot;&quot;,&quot;jet_parallax_layout_bg_x_laptop&quot;:&quot;&quot;,&quot;jet_parallax_layout_bg_x_tablet&quot;:&quot;&quot;,&quot;jet_parallax_layout_bg_x_mobile&quot;:&quot;&quot;,&quot;jet_parallax_layout_bg_y_laptop&quot;:&quot;&quot;,&quot;jet_parallax_layout_bg_y_tablet&quot;:&quot;&quot;,&quot;jet_parallax_layout_bg_y_mobile&quot;:&quot;&quot;,&quot;jet_parallax_layout_bg_size&quot;:&quot;auto&quot;,&quot;jet_parallax_layout_bg_size_laptop&quot;:&quot;&quot;,&quot;jet_parallax_layout_bg_size_tablet&quot;:&quot;&quot;,&quot;jet_parallax_layout_bg_size_mobile&quot;:&quot;&quot;,&quot;jet_parallax_layout_animation_prop&quot;:&quot;transform&quot;,&quot;jet_parallax_layout_on&quot;:[&quot;desktop&quot;,&quot;tablet&quot;]}],&quot;background_background&quot;:&quot;classic&quot;}\">\n\t\t\t\t\t<div class=\"e-con-inner\">\n\t\t\t\t<div class=\"elementor-element elementor-element-cda10ab elementor-align-center elementor-widget elementor-widget-raven-heading\" data-id=\"cda10ab\" data-element_type=\"widget\" data-e-type=\"widget\" data-widget_type=\"raven-heading.default\">\n\t\t\t\t<div class=\"elementor-widget-container\">\n\t\t\t\t\t\t\t<div class=\"raven-widget-wrapper\"><h1 class=\"raven-heading raven-heading-h1\"><span class=\"raven-heading-title \">Nos politiques<\/span><\/h1><\/div>\n\t\t\t\t\t\t<\/div>\n\t\t\t\t<\/div>\n\t\t\t\t\t<\/div>\n\t\t\t\t<\/div>\n\t\t<div class=\"elementor-element elementor-element-82c1ca1 e-flex e-con-boxed e-con e-parent\" data-id=\"82c1ca1\" data-element_type=\"container\" data-e-type=\"container\" data-settings=\"{&quot;background_background&quot;:&quot;classic&quot;,&quot;jet_parallax_layout_list&quot;:[]}\">\n\t\t\t\t\t<div class=\"e-con-inner\">\n\t\t\t\t<div class=\"elementor-element elementor-element-8d31728 elementor-widget elementor-widget-text-editor\" data-id=\"8d31728\" data-element_type=\"widget\" data-e-type=\"widget\" data-widget_type=\"text-editor.default\">\n\t\t\t\t<div class=\"elementor-widget-container\">\n\t\t\t\t\t\t\t\t\t<p>IRSC s&rsquo;engage \u00e0 favoriser un environnement s\u00e9curitaire, inclusif et transparent pour nos communaut\u00e9s. Pour soutenir cet engagement, nous avons adopt\u00e9 le r\u00e8glement et les politiques suivantes. <\/p>\t\t\t\t\t\t\t\t<\/div>\n\t\t\t\t<\/div>\n\t\t\t\t\t<\/div>\n\t\t\t\t<\/div>\n\t\t<div class=\"elementor-element elementor-element-812f0bb e-flex e-con-boxed e-con e-parent\" data-id=\"812f0bb\" data-element_type=\"container\" data-e-type=\"container\" data-settings=\"{&quot;jet_parallax_layout_list&quot;:[]}\">\n\t\t\t\t\t<div class=\"e-con-inner\">\n\t\t\t\t<div class=\"elementor-element elementor-element-b9b5100 elementor-widget elementor-widget-menu-anchor\" data-id=\"b9b5100\" data-element_type=\"widget\" data-e-type=\"widget\" data-widget_type=\"menu-anchor.default\">\n\t\t\t\t<div class=\"elementor-widget-container\">\n\t\t\t\t\t\t\t<div class=\"elementor-menu-anchor\" id=\"politiques\"><\/div>\n\t\t\t\t\t\t<\/div>\n\t\t\t\t<\/div>\n\t\t\t\t<div class=\"elementor-element elementor-element-1c39024 elementor-widget__width-inherit elementor-widget elementor-widget-heading\" data-id=\"1c39024\" data-element_type=\"widget\" data-e-type=\"widget\" data-widget_type=\"heading.default\">\n\t\t\t\t<div class=\"elementor-widget-container\">\n\t\t\t\t\t<h2 class=\"elementor-heading-title elementor-size-default\">R\u00e8glement d\u2019IRSC<\/h2>\t\t\t\t<\/div>\n\t\t\t\t<\/div>\n\t\t\t\t<div class=\"elementor-element elementor-element-d339a8e elementor-widget__width-inherit elementor-widget elementor-widget-text-editor\" data-id=\"d339a8e\" data-element_type=\"widget\" data-e-type=\"widget\" data-widget_type=\"text-editor.default\">\n\t\t\t\t<div class=\"elementor-widget-container\">\n\t\t\t\t\t\t\t\t\t<p><a href=\"https:\/\/inclusionincanadiansports.ca\/wp-content\/uploads\/2025\/12\/ICSN-Bylaws-EN.pdf\">Consultez le r\u00e8glement d&rsquo;IRSC ici.<\/a><\/p>\t\t\t\t\t\t\t\t<\/div>\n\t\t\t\t<\/div>\n\t\t\t\t<div class=\"elementor-element elementor-element-da9596a elementor-widget__width-inherit elementor-widget elementor-widget-heading\" data-id=\"da9596a\" data-element_type=\"widget\" data-e-type=\"widget\" data-widget_type=\"heading.default\">\n\t\t\t\t<div class=\"elementor-widget-container\">\n\t\t\t\t\t<h2 class=\"elementor-heading-title elementor-size-default\">Politiques d\u2019IRSC<\/h2>\t\t\t\t<\/div>\n\t\t\t\t<\/div>\n\t\t\t\t<div class=\"elementor-element elementor-element-50842e7 elementor-widget__width-inherit elementor-widget elementor-widget-heading\" data-id=\"50842e7\" data-element_type=\"widget\" data-e-type=\"widget\" data-widget_type=\"heading.default\">\n\t\t\t\t<div class=\"elementor-widget-container\">\n\t\t\t\t\t<h2 class=\"elementor-heading-title elementor-size-default\">Politiques administratives<\/h2>\t\t\t\t<\/div>\n\t\t\t\t<\/div>\n\t\t\t\t<div class=\"elementor-element elementor-element-6f705dd elementor-widget__width-inherit elementor-widget elementor-widget-text-editor\" data-id=\"6f705dd\" data-element_type=\"widget\" data-e-type=\"widget\" data-widget_type=\"text-editor.default\">\n\t\t\t\t<div class=\"elementor-widget-container\">\n\t\t\t\t\t\t\t\t\t<p><a href=\"https:\/\/drive.google.com\/file\/d\/1rKVZDs5JSpYA55HGh0Bqs2t-eCFoC1my\/view\"><span style=\"font-weight: 400;\">Politique de confidentialit\u00e9<\/span><\/a><\/p><p><a href=\"https:\/\/drive.google.com\/file\/d\/1_ZIMZ9llEr_Ct87eGosTR8dDeYri9Fcu\/view\"><span style=\"font-weight: 400;\">Politique sur les conflits d&rsquo;int\u00e9r\u00eats <\/span><\/a><\/p><p><a href=\"https:\/\/drive.google.com\/file\/d\/1aE_vEBo9-w3HncLkvjSg_SYTyBiLX82i\/view?usp=drive_link\"><span style=\"font-weight: 400;\">Politique sur les langues officielles<\/span><\/a><\/p><p><a href=\"https:\/\/drive.google.com\/file\/d\/1VRS2wLnWb6jCcsaxkESzzmBWsY61Zfsg\/view\"><span style=\"font-weight: 400;\">Politique de gestion financi\u00e8re<\/span><\/a><\/p><p><a href=\"https:\/\/drive.google.com\/file\/d\/1djWV01nhWjzv8DC5ASNDwdNdfzNk6Ov0\/view\"><span style=\"font-weight: 400;\">Directives d&rsquo;admissibilit\u00e9 concernant l&rsquo;identit\u00e9 de genre<\/span><\/a><\/p><p><a href=\"https:\/\/drive.google.com\/file\/d\/1saW1iyzrZ8V0ZwEJI4pROX6UQGJKAPSX\/view\"><span style=\"font-weight: 400;\">Politique des ressources humaines<\/span><\/a><\/p><p><a href=\"https:\/\/drive.google.com\/file\/d\/1muEgHJljQ7dYm_Ii9_UIa3BiGBA7TRFU\/view\"><span style=\"font-weight: 400;\">Politique de confidentialit\u00e9<\/span><\/a><\/p><p><a href=\"https:\/\/drive.google.com\/file\/d\/1-0ha9chy3kFMl78b9Fz2xoZC9GbU7Kni\/view\"><span style=\"font-weight: 400;\">Politiques de READI<\/span><\/a><\/p><p><a href=\"https:\/\/drive.google.com\/file\/d\/1rhjMsQVa1vTcgRp4kvIpO1bTkDqTYPIK\/view\"><span style=\"font-weight: 400;\">Politique relative aux d\u00e9placements<\/span><\/a><\/p>\t\t\t\t\t\t\t\t<\/div>\n\t\t\t\t<\/div>\n\t\t\t\t<div class=\"elementor-element elementor-element-2fc0f40 elementor-widget__width-inherit elementor-widget elementor-widget-heading\" data-id=\"2fc0f40\" data-element_type=\"widget\" data-e-type=\"widget\" data-widget_type=\"heading.default\">\n\t\t\t\t<div class=\"elementor-widget-container\">\n\t\t\t\t\t<h2 class=\"elementor-heading-title elementor-size-default\">Politiques de gouvernance<\/h2>\t\t\t\t<\/div>\n\t\t\t\t<\/div>\n\t\t\t\t<div class=\"elementor-element elementor-element-18682ea elementor-widget__width-inherit elementor-widget elementor-widget-text-editor\" data-id=\"18682ea\" data-element_type=\"widget\" data-e-type=\"widget\" data-widget_type=\"text-editor.default\">\n\t\t\t\t<div class=\"elementor-widget-container\">\n\t\t\t\t\t\t\t\t\t<p><a href=\"https:\/\/drive.google.com\/file\/d\/1YT1iTScBEK62dnk2QL-ii2R46sa6WqEY\/view\"><span style=\"font-weight: 400;\">Outils d\u2019\u00e9valuation du conseil d\u2019administration <\/span><\/a><\/p><p><a href=\"https:\/\/drive.google.com\/file\/d\/1HIhTtxFMzWAh17GU06AlZOx3TA6qmDB8\/view\"><span style=\"font-weight: 400;\">Mod\u00e8le de mandat du comit\u00e9<\/span><\/a><\/p><p><a href=\"https:\/\/drive.google.com\/file\/d\/1Aj737rgTk0DVvVh5pE90o9OdHwZ2xMC3\/view\"><span style=\"font-weight: 400;\">Accord et responsabilit\u00e9s de l&rsquo;administrateur <\/span><\/a><\/p><p><a href=\"https:\/\/drive.google.com\/file\/d\/1SsK8TFNppwv6WnyCkNxozyCXXrEhvfjw\/view\"><span style=\"font-weight: 400;\">Protocole de nomination <\/span><\/a><\/p>\t\t\t\t\t\t\t\t<\/div>\n\t\t\t\t<\/div>\n\t\t\t\t<div class=\"elementor-element elementor-element-89d6190 elementor-widget__width-inherit elementor-widget elementor-widget-heading\" data-id=\"89d6190\" data-element_type=\"widget\" data-e-type=\"widget\" data-widget_type=\"heading.default\">\n\t\t\t\t<div class=\"elementor-widget-container\">\n\t\t\t\t\t<h2 class=\"elementor-heading-title elementor-size-default\">Politiques de Sport s\u00e9curitaire<\/h2>\t\t\t\t<\/div>\n\t\t\t\t<\/div>\n\t\t\t\t<div class=\"elementor-element elementor-element-239d534 elementor-widget__width-inherit elementor-widget elementor-widget-text-editor\" data-id=\"239d534\" data-element_type=\"widget\" data-e-type=\"widget\" data-widget_type=\"text-editor.default\">\n\t\t\t\t<div class=\"elementor-widget-container\">\n\t\t\t\t\t\t\t\t\t<p><a href=\"https:\/\/drive.google.com\/file\/d\/1VzwOWLCqINz19PXb3RyFF4YqTh1ArnXd\/view\"><span style=\"font-weight: 400;\">Code de conduite et d\u2019\u00e9thiques<\/span><\/a><\/p><p><a href=\"https:\/\/drive.google.com\/file\/d\/19AFatu8kl0MvwnSoEfY6fYQd9VhssRSZ\/view\"><span style=\"font-weight: 400;\">Proc\u00e9dure disciplinaire relative aux \u00e9v\u00e8nements <\/span><\/a><\/p><p><a href=\"https:\/\/drive.google.com\/file\/d\/1YQQMFhSY6iqM31QFOSp-MR0ahu84_VIB\/view\"><span style=\"font-weight: 400;\">D\u00e9claration sur le sport s\u00e9curitaire <\/span><\/a><\/p><p><a href=\"https:\/\/drive.google.com\/file\/d\/1mLapW8A_7Kb3MoE5DKoCeUHu7Bc0AE7Y\/view\"><span style=\"font-weight: 400;\">Politique de filtrage<\/span><\/a><\/p><p><a href=\"https:\/\/drive.google.com\/file\/d\/15Lx8ek4uu9e8IiatB4p5jhq_dZL71R31\/view\"><span style=\"font-weight: 400;\">Politique des m\u00e9dias sociaux<\/span><\/a><\/p><p><a href=\"https:\/\/drive.google.com\/file\/d\/1_UyPaPq6foG8RALoVay7etcTbgd6ODem\/view?usp=sharing\"><span style=\"font-weight: 400;\">Politique d&rsquo;int\u00e9grit\u00e9 sportive et de traitement des plaintes<\/span><\/a><\/p><p><a href=\"https:\/\/drive.google.com\/file\/d\/1A7_IM5SO8j6TdcYlD0NlMlDAb7CCbTvM\/view\"><span style=\"font-weight: 400;\">Politique de d\u00e9nonciation <\/span><\/a><\/p>\t\t\t\t\t\t\t\t<\/div>\n\t\t\t\t<\/div>\n\t\t\t\t<div class=\"elementor-element elementor-element-39e2f79 elementor-widget__width-inherit elementor-widget elementor-widget-heading\" data-id=\"39e2f79\" data-element_type=\"widget\" data-e-type=\"widget\" data-widget_type=\"heading.default\">\n\t\t\t\t<div class=\"elementor-widget-container\">\n\t\t\t\t\t<h2 class=\"elementor-heading-title elementor-size-default\">Sport s\u00e9curitaire \u00e0 IRSC<\/h2>\t\t\t\t<\/div>\n\t\t\t\t<\/div>\n\t\t\t\t<div class=\"elementor-element elementor-element-0c03d0f elementor-widget__width-inherit elementor-widget elementor-widget-text-editor\" data-id=\"0c03d0f\" data-element_type=\"widget\" data-e-type=\"widget\" data-widget_type=\"text-editor.default\">\n\t\t\t\t<div class=\"elementor-widget-container\">\n\t\t\t\t\t\t\t\t\t<p>IRSC s&rsquo;engage \u00e0 promouvoir des environnements sportifs s\u00e9curitaires, inclusifs et \u00e9quitables partout au Canada. Pour soutenir cet engagement, les participants et les membres de la communaut\u00e9 ont acc\u00e8s \u00e0 un gestionnaire de cas ind\u00e9pendant qui travaille en toute ind\u00e9pendance d&rsquo;IRSC, garantissant ainsi que les pr\u00e9occupations sont trait\u00e9es de mani\u00e8re \u00e9quitable, respectueuse et confidentielle. <\/p><p>Tout individu peut contacter directement le gestionnaire de cas ind\u00e9pendant pour toute pr\u00e9occupation concernant IRSC :<\/p><p>Jeffrey Raphael, B.A., LL.B \/ J.D.<br>JEFFREY RAPHAEL SOCI\u00c9T\u00c9 PROFESSIONNELLE<br>Courriel : <a href=\"mailto:jraphael@raphaelbar.com\">jraphael@raphaelbar.com<\/a><\/p><p>Bien que le gestionnaire de cas ind\u00e9pendant offre un moyen impartial de signaler des cas, il est \u00e9galement possible de contacter directement IRSC si vous vous sentez \u00e0 l&rsquo;aise de le faire.<\/p>\t\t\t\t\t\t\t\t<\/div>\n\t\t\t\t<\/div>\n\t\t\t\t\t<\/div>\n\t\t\t\t<\/div>\n\t\t\t\t<\/div>\n\t\t","protected":false},"excerpt":{"rendered":"<p>Nos politiques IRSC s&rsquo;engage \u00e0 favoriser un environnement s\u00e9curitaire, inclusif et transparent pour nos communaut\u00e9s. Pour soutenir cet engagement, nous avons adopt\u00e9 le r\u00e8glement et les politiques suivantes. R\u00e8glement d\u2019IRSC Consultez le r\u00e8glement d&rsquo;IRSC ici. Politiques d\u2019IRSC Politiques administratives Politique de confidentialit\u00e9 Politique sur les conflits d&rsquo;int\u00e9r\u00eats Politique sur les langues officielles Politique de gestion [&hellip;]<\/p>\n","protected":false},"author":1,"featured_media":0,"parent":0,"menu_order":0,"comment_status":"closed","ping_status":"closed","template":"elementor_header_footer","meta":{"_acf_changed":false,"footnotes":""},"class_list":["post-10536","page","type-page","status-publish","hentry"],"acf":[],"_links":{"self":[{"href":"https:\/\/inclusionincanadiansports.ca\/fr\/wp-json\/wp\/v2\/pages\/10536","targetHints":{"allow":["GET"]}}],"collection":[{"href":"https:\/\/inclusionincanadiansports.ca\/fr\/wp-json\/wp\/v2\/pages"}],"about":[{"href":"https:\/\/inclusionincanadiansports.ca\/fr\/wp-json\/wp\/v2\/types\/page"}],"author":[{"embeddable":true,"href":"https:\/\/inclusionincanadiansports.ca\/fr\/wp-json\/wp\/v2\/users\/1"}],"replies":[{"embeddable":true,"href":"https:\/\/inclusionincanadiansports.ca\/fr\/wp-json\/wp\/v2\/comments?post=10536"}],"version-history":[{"count":1,"href":"https:\/\/inclusionincanadiansports.ca\/fr\/wp-json\/wp\/v2\/pages\/10536\/revisions"}],"predecessor-version":[{"id":10537,"href":"https:\/\/inclusionincanadiansports.ca\/fr\/wp-json\/wp\/v2\/pages\/10536\/revisions\/10537"}],"wp:attachment":[{"href":"https:\/\/inclusionincanadiansports.ca\/fr\/wp-json\/wp\/v2\/media?parent=10536"}],"curies":[{"name":"wp","href":"https:\/\/api.w.org\/{rel}","templated":true}]}}